{"id":10499,"date":"2021-10-14T02:30:02","date_gmt":"2021-10-14T02:30:02","guid":{"rendered":"https:\/\/demo2wpopal.b-cdn.net\/ecolive\/?page_id=602"},"modified":"2025-10-02T10:29:22","modified_gmt":"2025-10-02T08:29:22","slug":"contact","status":"publish","type":"page","link":"https:\/\/www.saldac.ch\/de\/contact\/","title":{"rendered":"Kontakt"},"content":{"rendered":"<div class=\"container section-title-container\" ><h1 class=\"section-title section-title-center\"><b aria-hidden=\"true\"><\/b><span class=\"section-title-main\" style=\"font-size:130%;\">CONTACT<\/span><b aria-hidden=\"true\"><\/b><\/h1><\/div>\n<div class=\"row\"  id=\"row-1996362505\">\n\n\t<div id=\"col-410068941\" class=\"col medium-6 small-12 large-6\"  >\n\t\t\t\t<div class=\"col-inner\"  >\n\t\t\t\n\t\t\t\n\t<div id=\"text-1343386622\" class=\"text\">\n\t\t\n<h2>SALDAC est \u00e0 votre \u00e9coute<\/h2>\n\t\t\n<style>\n#text-1343386622 {\n  font-size: 1.2rem;\n  color: rgb(174, 35, 25);\n}\n#text-1343386622 > * {\n  color: rgb(174, 35, 25);\n}\n<\/style>\n\t<\/div>\n\t\n<p>En tant que petite entreprise, nous ne pouvons pas assurer une hotline 24\/24. En cas de questions, demandes, remarques ou plainte, merci d\u2019utiliser l\u2019adresse mail ci-dessous ou le formulaire de contact.<br \/>\nNous ferons de notre mieux pour vous r\u00e9pondre rapidement.<\/p>\n<div class=\"row\"  id=\"row-585884745\">\n\n\t<div id=\"col-535930714\" class=\"col medium-6 small-12 large-6\"  >\n\t\t\t\t<div class=\"col-inner\"  >\n\t\t\t\n\t\t\t\n<p><span style=\"color: #000000;\"><strong>Contact<\/strong><\/span><\/p>\n<p>\ud83d\udce7 contact@saldac.ch<\/p>\n\t\t<\/div>\n\t\t\t\t\t<\/div>\n\n\t\n\n\t<div id=\"col-1345890318\" class=\"col medium-6 small-12 large-6\"  >\n\t\t\t\t<div class=\"col-inner\"  >\n\t\t\t\n\t\t\t\n<p><span style=\"color: #000000;\"><strong>Exp\u00e9dition de colis<\/strong><\/span><\/p>\n<p>\ud83d\udcc5 Lundi apr\u00e8s-midi<br \/>\n\ud83d\udcc5 Mercredi apr\u00e8s-midi<\/p>\n\t\t<\/div>\n\t\t\t\t\t<\/div>\n\n\t\n<\/div>\n\t\t<\/div>\n\t\t\t\t\t<\/div>\n\n\t\n\n\t<div id=\"col-1091267058\" class=\"col medium-6 small-12 large-6\"  >\n\t\t\t\t<div class=\"col-inner\"  >\n\t\t\t\n\t\t\t\n\n<div class=\"wpcf7 no-js\" id=\"wpcf7-f12-o1\" lang=\"en-US\" dir=\"ltr\">\n<div class=\"screen-reader-response\"><p role=\"status\" aria-live=\"polite\" aria-atomic=\"true\"><\/p> <ul><\/ul><\/div>\n<form action=\"\/de\/wp-json\/wp\/v2\/pages\/10499#wpcf7-f12-o1\" method=\"post\" class=\"wpcf7-form init\" aria-label=\"Contact form\" novalidate=\"novalidate\" data-status=\"init\">\n<div style=\"display: none;\">\n<input type=\"hidden\" name=\"_wpcf7\" value=\"12\" \/>\n<input type=\"hidden\" name=\"_wpcf7_version\" value=\"5.9.5\" \/>\n<input type=\"hidden\" name=\"_wpcf7_locale\" value=\"en_US\" \/>\n<input type=\"hidden\" name=\"_wpcf7_unit_tag\" value=\"wpcf7-f12-o1\" \/>\n<input type=\"hidden\" name=\"_wpcf7_container_post\" value=\"0\" \/>\n<input type=\"hidden\" name=\"_wpcf7_posted_data_hash\" value=\"\" \/>\n<\/div>\n<p><label> Votre Nom<br \/>\n<span class=\"wpcf7-form-control-wrap\" data-name=\"your-name\"><input size=\"40\" class=\"wpcf7-form-control wpcf7-text wpcf7-validates-as-required\" autocomplete=\"name\" aria-required=\"true\" aria-invalid=\"false\" value=\"\" type=\"text\" name=\"your-name\" \/><\/span> <\/label>\n<\/p>\n<p><label> Votre E-mail<br \/>\n<span class=\"wpcf7-form-control-wrap\" data-name=\"your-email\"><input size=\"40\" class=\"wpcf7-form-control wpcf7-email wpcf7-validates-as-required wpcf7-text wpcf7-validates-as-email\" autocomplete=\"email\" aria-required=\"true\" aria-invalid=\"false\" value=\"\" type=\"email\" name=\"your-email\" \/><\/span> <\/label>\n<\/p>\n<p><label> Objet du message<br \/>\n<span class=\"wpcf7-form-control-wrap\" data-name=\"your-subject\"><input size=\"40\" class=\"wpcf7-form-control wpcf7-text wpcf7-validates-as-required\" aria-required=\"true\" aria-invalid=\"false\" value=\"\" type=\"text\" name=\"your-subject\" \/><\/span> <\/label>\n<\/p>\n<p><label> Votre message<br \/>\n<span class=\"wpcf7-form-control-wrap\" data-name=\"your-message\"><textarea cols=\"40\" rows=\"10\" class=\"wpcf7-form-control wpcf7-textarea\" aria-invalid=\"false\" name=\"your-message\"><\/textarea><\/span> <\/label>\n<\/p>\n<p><input class=\"wpcf7-form-control wpcf7-submit has-spinner\" type=\"submit\" value=\"Envoyer\" \/>\n<\/p><div class=\"wpcf7-response-output\" aria-hidden=\"true\"><\/div>\n<\/form>\n<\/div>\n\n\t\t<\/div>\n\t\t\t\t\t<\/div>\n\n\t\n<\/div>\n<span class=\"scroll-to\" data-label=\"Scroll to: #newsletter\" data-bullet=\"false\" data-link=\"#newsletter\" data-title=\"NEWSLETTER\"><a name=\"newsletter\"><\/a><\/span>\n\n<form class=\"inf-form\" action=\"https:\/\/newsletter.infomaniak.com\/v3\/api\/1\/newsletters\/webforms\/20556\/submit\" method=\"post\"><input style=\"display: none;\" name=\"email\" type=\"email\" \/><br \/>\n<input name=\"key\" type=\"hidden\" value=\"eyJpdiI6ImdmOWNNeUZCWUdBNnNzZHNJUGxZYk9udWw5ZWxGZzhIZ2NGSHRqZWk1OFU9IiwibWFjIjoiZjA0NWIxOTgzYTE1OTVhZWVlNzliNmU5YmNlZDliOTAyZGJhZDI0ZmM0ZTIyMTU5YWQ5NGZiMWI2MTM3MjA1MCIsInZhbHVlIjoidEY1TkMyK2haY1g5TlRiQXlEbGFxZkVBcGV2ZU5GcGNDUXQxa0VcLzJVcVE9In0=\" \/><br \/>\n<input name=\"webform_id\" type=\"hidden\" value=\"20556\" \/> <\/p>\n<style>\n    .inf-main_b1234cae2f9d0e75a246f66753d2fce3 {<br \/>\n      background-color: #fdfaf2;<br \/>\n      padding: 20px;<br \/>\n      margin: 25px auto;<br \/>\n      border: 1px solid #2A5F46;<br \/>\n      border-radius: 6px;<br \/>\n      font-family: 'Open Sans', sans-serif;<br \/>\n      max-width: 100%;<br \/>\n      box-sizing: border-box;<br \/>\n    }<\/p>\n<p>    .inf-main_b1234cae2f9d0e75a246f66753d2fce3 h4 {<br \/>\n      color: #2A5F46;<br \/>\n      font-size: 18px;<br \/>\n      margin: 0 0 10px 0;<br \/>\n      font-weight: bold;<br \/>\n    }<\/p>\n<p>    .inf-main_b1234cae2f9d0e75a246f66753d2fce3 span {<br \/>\n      color: #333;<br \/>\n      font-size: 14px;<br \/>\n      display: block;<br \/>\n      margin-bottom: 10px;<br \/>\n    }<\/p>\n<p>    .inf-content {<br \/>\n      display: flex;<br \/>\n      flex-wrap: wrap;<br \/>\n      align-items: center;<br \/>\n      gap: 10px;<br \/>\n    }<\/p>\n<p>    .inf-input {<br \/>\n      flex: 1 1 250px;<br \/>\n    }<\/p>\n<p>    .inf-input input[type=\"email\"],<br \/>\n    .inf-input input[type=\"text\"] {<br \/>\n      width: 100%;<br \/>\n      height: 38px;<br \/>\n      padding-left: 10px;<br \/>\n      border: 1px solid #ccc;<br \/>\n      border-radius: 4px;<br \/>\n      color: #333;<br \/>\n      font-size: 14px;<br \/>\n      box-sizing: border-box;<br \/>\n    }<\/p>\n<p>    .inf-submit input[type=\"submit\"] {<br \/>\n      background-color: #2A5F46;<br \/>\n      color: #fff;<br \/>\n      border: none;<br \/>\n      padding: 10px 20px;<br \/>\n      font-size: 14px;<br \/>\n      font-weight: bold;<br \/>\n      border-radius: 4px;<br \/>\n      cursor: pointer;<br \/>\n      transition: background-color 0.3s ease;<br \/>\n    }<\/p>\n<p>    .inf-submit input[type=\"submit\"]:hover {<br \/>\n      background-color: #2A5F46;<br \/>\n    }<\/p>\n<p>    .inf-rgpd {<br \/>\n      flex: 1 1 100%;<br \/>\n      font-size: 13px;<br \/>\n      color: #555;<br \/>\n      margin: 10px 0;<br \/>\n    }<\/p>\n<p>    #mcaptcha__token-label {<br \/>\n      display: none; \/* Masqu\u00e9 pour une version plus propre *\/<br \/>\n    }<\/p>\n<p>    .inf-success {<br \/>\n      background-color: #e6ffe6;<br \/>\n      border: 1px solid #a52a2a;<br \/>\n      padding: 15px;<br \/>\n      border-radius: 4px;<br \/>\n      margin-top: 15px;<br \/>\n    }<\/p>\n<p>    .inf-btn {<br \/>\n      background-color: white;<br \/>\n      color: #a52a2a;<br \/>\n      border: 1px solid #ccc;<br \/>\n      padding: 6px 10px;<br \/>\n      border-radius: 3px;<br \/>\n      text-decoration: none;<br \/>\n      font-size: 14px;<br \/>\n      box-shadow: 0 1px 2px rgba(0, 0, 0, 0.1);<br \/>\n    }<\/p>\n<p>    @media (max-width: 600px) {<br \/>\n      .inf-content {<br \/>\n        flex-direction: column;<br \/>\n        align-items: stretch;<br \/>\n      }<br \/>\n      .inf-submit {<br \/>\n        width: 100%;<br \/>\n        text-align: left;<br \/>\n      }<br \/>\n    }<br \/>\n  <\/style>\n<div class=\"inf-main_b1234cae2f9d0e75a246f66753d2fce3\">\n<h4>Newsletter SALDAC Suisse<\/h4>\n<p>Recevez notre newsletter, profitez de bon de r\u00e9duction et soutenez un commerce \u00e9quitable et alternatif de qualit\u00e9. Nous nous engageons \u00e0 ne pas vous envoyer plus de 4 \u00e0 6 mails par ann\u00e9e.<\/p>\n<div class=\"inf-success\" style=\"display: none;\">\n<h4>Votre inscription a \u00e9t\u00e9 enregistr\u00e9e avec succ\u00e8s !<\/h4>\n<p><a class=\"inf-btn\" href=\"#\">\u00ab Retour<\/a><\/p>\n<\/div>\n<div class=\"inf-content\">\n<div class=\"inf-input inf-input-text\"><input name=\"inf[1]\" required=\"required\" type=\"email\" placeholder=\"Email *\" data-inf-meta=\"1\" data-inf-error=\"\" \/><\/div>\n<div class=\"inf-submit\"><input name=\"\" type=\"submit\" value=\"Valider\" \/><\/div>\n<div class=\"inf-rgpd\">En vous inscrivant, vous acceptez de recevoir nos emails. Vous pouvez vous d\u00e9sinscrire \u00e0 tout moment.<\/div>\n<p><label id=\"mcaptcha__token-label\" for=\"mcaptcha__token\" data-mcaptcha_url=\"https:\/\/captcha.infomaniak.com\/widget\/?sitekey=wKJaAigS1e48fWgqtjvg5w7rKA6QIwmy\"><br \/>\n<input id=\"mcaptcha__token\" name=\"mcaptcha__token\" type=\"text\" \/><br \/>\n<\/label><\/p>\n<div id=\"mcaptcha__widget-container\"><\/div>\n<p><script src=\"https:\/\/unpkg.com\/@mcaptcha\/vanilla-glue@0.1.0-rc2\/dist\/index.js\"><\/script><\/p>\n<\/div>\n<\/div>\n<\/form>\n\n","protected":false},"excerpt":{"rendered":"","protected":false},"author":543,"featured_media":0,"parent":0,"menu_order":0,"comment_status":"closed","ping_status":"closed","template":"","meta":{"inline_featured_image":false,"footnotes":""},"_links":{"self":[{"href":"https:\/\/www.saldac.ch\/de\/wp-json\/wp\/v2\/pages\/10499"}],"collection":[{"href":"https:\/\/www.saldac.ch\/de\/wp-json\/wp\/v2\/pages"}],"about":[{"href":"https:\/\/www.saldac.ch\/de\/wp-json\/wp\/v2\/types\/page"}],"author":[{"embeddable":true,"href":"https:\/\/www.saldac.ch\/de\/wp-json\/wp\/v2\/users\/543"}],"replies":[{"embeddable":true,"href":"https:\/\/www.saldac.ch\/de\/wp-json\/wp\/v2\/comments?post=10499"}],"version-history":[{"count":5,"href":"https:\/\/www.saldac.ch\/de\/wp-json\/wp\/v2\/pages\/10499\/revisions"}],"predecessor-version":[{"id":16662,"href":"https:\/\/www.saldac.ch\/de\/wp-json\/wp\/v2\/pages\/10499\/revisions\/16662"}],"wp:attachment":[{"href":"https:\/\/www.saldac.ch\/de\/wp-json\/wp\/v2\/media?parent=10499"}],"curies":[{"name":"wp","href":"https:\/\/api.w.org\/{rel}","templated":true}]}}