{"id":10883,"date":"2023-05-12T14:20:15","date_gmt":"2023-05-12T12:20:15","guid":{"rendered":"https:\/\/marrakech-web.com\/?page_id=10883"},"modified":"2025-09-25T10:17:52","modified_gmt":"2025-09-25T08:17:52","slug":"rgpd","status":"publish","type":"page","link":"https:\/\/www.saldac.ch\/de\/rgpd\/","title":{"rendered":"DSGVO"},"content":{"rendered":"<div class=\"container section-title-container\" ><h1 class=\"section-title section-title-center\"><b aria-hidden=\"true\"><\/b><span class=\"section-title-main\" style=\"font-size:130%;\">DSGVO<\/span><b aria-hidden=\"true\"><\/b><\/h1><\/div>\n<p>Gem\u00e4\u00df der Datenschutz-Grundverordnung (DSGVO) verpflichtet sich SALDAC Suisse S\u00e0rl, die Vertraulichkeit und Sicherheit der personenbezogenen Daten ihrer Kunden und Nutzer zu wahren.<\/p>\n<h2>Erhebung personenbezogener Daten<\/h2>\n<p>Wir erfassen Daten wie Name, E-Mail-Adresse, Postanschrift, Telefonnummer und Zahlungsinformationen. Diese Daten werden ausschlie\u00dflich erhoben, wenn Sie unsere Dienste nutzen, einen Kauf auf unserer Website t\u00e4tigen oder sich f\u00fcr unseren Newsletter anmelden.<\/p>\n<p>Unsere Website wird von Infomaniak in der Schweiz gehostet, was ein hohes Ma\u00df an Sicherheit und Vertraulichkeit f\u00fcr Ihre personenbezogenen Daten gew\u00e4hrleistet. Wir speichern nur die Informationen, die f\u00fcr den Betrieb der Website und die Abwicklung Ihrer Bestellungen erforderlich sind. Sie haben jederzeit das Recht, die L\u00f6schung Ihrer Daten zu verlangen, indem Sie uns unter contact@saldac.ch\n kontaktieren. Wir werden Ihr Anliegen so schnell wie m\u00f6glich bearbeiten.<\/p>\n<h2>Nutzung der Daten<\/h2>\n<p>Die erhobenen personenbezogenen Daten werden verwendet, um Ihre Bestellungen zu bearbeiten, die Benutzererfahrung auf unserer Website zu verbessern, mit Ihnen zu kommunizieren und \u2013 mit Ihrer Zustimmung \u2013 Ihnen Informationen und Sonderangebote zuzusenden.<\/p>\n<h2>Datenspeicherung<\/h2>\n<p>Wir bewahren Ihre personenbezogenen Daten so lange auf, wie es erforderlich ist, um Ihnen unsere Dienstleistungen bereitzustellen oder um unseren gesetzlichen Verpflichtungen nachzukommen.<\/p>\n<h2>Datensicherheit<\/h2>\n<p>Es werden geeignete technische und organisatorische Ma\u00dfnahmen ergriffen, um Ihre Daten vor unbefugtem Zugriff, Verlust oder Zerst\u00f6rung zu sch\u00fctzen.<\/p>\n<h2>Weitergabe der Daten<\/h2>\n<p>Ihre Daten werden weder verkauft noch getauscht oder mit Dritten geteilt \u2013 mit Ausnahme von Dienstleistern, die f\u00fcr die Erbringung unserer Leistungen erforderlich sind, oder wenn dies zur Erf\u00fcllung gesetzlicher Pflichten notwendig ist.<\/p>\n<h2>Rechte der Nutzer<\/h2>\n<p>Gem\u00e4\u00df der DSGVO haben Sie das Recht, auf Ihre personenbezogenen Daten zuzugreifen, sie zu berichtigen, ihre L\u00f6schung zu verlangen oder ihre Verarbeitung einzuschr\u00e4nken. Sie haben au\u00dferdem das Recht, der Verarbeitung zu widersprechen und die \u00dcbertragbarkeit Ihrer Daten zu verlangen.<\/p>\n<h2>Kontakt<\/h2>\n<p>Bei Fragen zu Ihren personenbezogenen Daten oder zur Aus\u00fcbung Ihrer Rechte k\u00f6nnen Sie SALDAC Suisse S\u00e0rl unter folgender E-Mail-Adresse kontaktieren: contact@saldac.ch\n.<\/p>","protected":false},"excerpt":{"rendered":"<p>Conform\u00e9ment au R\u00e8glement G\u00e9n\u00e9ral sur la Protection des Donn\u00e9es (RGPD), SALDAC Suisse S\u00e0rl s&rsquo;engage \u00e0 respecter la confidentialit\u00e9 et la s\u00e9curit\u00e9 des donn\u00e9es personnelles de ses clients et utilisateurs. Collecte des donn\u00e9es personnelles Nous collectons des donn\u00e9es telles que le nom, l&rsquo;adresse \u00e9lectronique, l&rsquo;adresse postale, le num\u00e9ro de t\u00e9l\u00e9phone et les informations de paiement. Ces [&#8230;]\n","protected":false},"author":543,"featured_media":0,"parent":0,"menu_order":0,"comment_status":"closed","ping_status":"closed","template":"","meta":{"inline_featured_image":false,"footnotes":""},"_links":{"self":[{"href":"https:\/\/www.saldac.ch\/de\/wp-json\/wp\/v2\/pages\/10883"}],"collection":[{"href":"https:\/\/www.saldac.ch\/de\/wp-json\/wp\/v2\/pages"}],"about":[{"href":"https:\/\/www.saldac.ch\/de\/wp-json\/wp\/v2\/types\/page"}],"author":[{"embeddable":true,"href":"https:\/\/www.saldac.ch\/de\/wp-json\/wp\/v2\/users\/543"}],"replies":[{"embeddable":true,"href":"https:\/\/www.saldac.ch\/de\/wp-json\/wp\/v2\/comments?post=10883"}],"version-history":[{"count":2,"href":"https:\/\/www.saldac.ch\/de\/wp-json\/wp\/v2\/pages\/10883\/revisions"}],"predecessor-version":[{"id":16522,"href":"https:\/\/www.saldac.ch\/de\/wp-json\/wp\/v2\/pages\/10883\/revisions\/16522"}],"wp:attachment":[{"href":"https:\/\/www.saldac.ch\/de\/wp-json\/wp\/v2\/media?parent=10883"}],"curies":[{"name":"wp","href":"https:\/\/api.w.org\/{rel}","templated":true}]}}