{"id":1086,"date":"2023-01-20T11:08:18","date_gmt":"2023-01-20T10:08:18","guid":{"rendered":"https:\/\/www.saldac.ch\/?post_type=product&#038;p=1086"},"modified":"2026-03-30T14:49:15","modified_gmt":"2026-03-30T12:49:15","slug":"cafe-dexception-micro-lots","status":"publish","type":"product","link":"https:\/\/www.saldac.ch\/de\/produkt\/cafe-dexception-micro-lots\/","title":{"rendered":"Au\u00dfergew\u00f6hnlicher Kaffee, Mikrolots"},"content":{"rendered":"<p>Mikrolots sind Kaffees von Produzenten, die sich besonders f\u00fcr die Qualit\u00e4t ihrer Erzeugnisse engagieren und von SALDAC hervorgehoben werden, um ihnen besondere Sichtbarkeit zu verleihen.<\/p>\n<p><strong>Sehr begrenzte Mengen!!<\/strong><\/p>\n<p class=\"translation-block\">Er stammt selbstverst\u00e4ndlich aus dem <strong>fairen Handel,<\/strong> zudem biologisch, zertifiziert von Ecocert.<\/p>\n<p class=\"translation-block\"><strong>Handwerkliche R\u00f6stung in unserer Werkstatt in Mont\u00e9limar,<\/strong> verpackt ohne Aluminium.<\/p>\n<p><strong>Unser Kaffeesortiment ist durch das SPP-System \u201eS\u00edmbolo de los Peque\u00f1os Productores\u201c als fair gehandelt zertifiziert \u2013 ein Label, das endlich den Produzenten selbst geh\u00f6rt: www.spp.coop<\/strong><\/p>","protected":false},"excerpt":{"rendered":"<p><strong>Sehr begrenzte Mengen!!<\/strong><\/p>\n<p class=\"translation-block\"><strong>Handwerkliche R\u00f6stung in unserer Werkstatt in Mont\u00e9limar,<\/strong> verpackt ohne Aluminium.<\/p>\n<p>&nbsp;<\/p>","protected":false},"featured_media":10923,"template":"","meta":{"inline_featured_image":false},"product_cat":[571],"product_tag":[108],"_links":{"self":[{"href":"https:\/\/www.saldac.ch\/de\/wp-json\/wp\/v2\/product\/1086"}],"collection":[{"href":"https:\/\/www.saldac.ch\/de\/wp-json\/wp\/v2\/product"}],"about":[{"href":"https:\/\/www.saldac.ch\/de\/wp-json\/wp\/v2\/types\/product"}],"wp:featuredmedia":[{"embeddable":true,"href":"https:\/\/www.saldac.ch\/de\/wp-json\/wp\/v2\/media\/10923"}],"wp:attachment":[{"href":"https:\/\/www.saldac.ch\/de\/wp-json\/wp\/v2\/media?parent=1086"}],"wp:term":[{"taxonomy":"product_cat","embeddable":true,"href":"https:\/\/www.saldac.ch\/de\/wp-json\/wp\/v2\/product_cat?post=1086"},{"taxonomy":"product_tag","embeddable":true,"href":"https:\/\/www.saldac.ch\/de\/wp-json\/wp\/v2\/product_tag?post=1086"}],"curies":[{"name":"wp","href":"https:\/\/api.w.org\/{rel}","templated":true}]}}