{"id":11295,"date":"2023-11-21T11:58:56","date_gmt":"2023-11-21T10:58:56","guid":{"rendered":"https:\/\/www.saldac.ch\/?post_type=product&#038;p=11295"},"modified":"2026-04-29T13:07:58","modified_gmt":"2026-04-29T11:07:58","slug":"chocolat-au-lait-el-inti-tablettes-100gr-noisettes-2","status":"publish","type":"product","link":"https:\/\/www.saldac.ch\/de\/produkt\/chocolat-au-lait-el-inti-tablettes-100gr-noisettes-2\/","title":{"rendered":"Milchschokolade mit Haseln\u00fcssen, Bio, Tafel 100 g"},"content":{"rendered":"<p>Tafel \u00e0 100 g Vollmilchschokolade mit 46 % Kakao und 15 % leicht ger\u00f6steten Haseln\u00fcssen.<\/p>\n<p>Zutaten: Kakaobohnen, Panela, Milch, Haseln\u00fcsse 15 %, Kakaobutter<\/p>\n<p>Sehr zartschmelzend und zugleich knusprig \u2013 hervorragend f\u00fcr die kleine Pause von Gro\u00df und Klein, zudem energiereich f\u00fcr Sportler.<\/p>\n<p>N\u00e4hrwertangaben (durchschnittliche Werte pro 100 g)<\/p>\n<p>Kohlenhydrate: 42 g (davon Zucker \u2026 g) \/ Fette: 45,5 g (davon ges\u00e4ttigte Fetts\u00e4uren 22,5 g) \/ Eiwei\u00df: 8,8 g \/ Salz: 0,1 g \/ Energiegehalt: 613 kcal \/ 2 547 kJ<\/p>","protected":false},"excerpt":{"rendered":"<p>Einzeln erh\u00e4ltlich oder in Schachteln zu 19 St\u00fcck<\/p>","protected":false},"featured_media":5348,"template":"","meta":{"inline_featured_image":false},"product_cat":[572],"product_tag":[108,60],"_links":{"self":[{"href":"https:\/\/www.saldac.ch\/de\/wp-json\/wp\/v2\/product\/11295"}],"collection":[{"href":"https:\/\/www.saldac.ch\/de\/wp-json\/wp\/v2\/product"}],"about":[{"href":"https:\/\/www.saldac.ch\/de\/wp-json\/wp\/v2\/types\/product"}],"wp:featuredmedia":[{"embeddable":true,"href":"https:\/\/www.saldac.ch\/de\/wp-json\/wp\/v2\/media\/5348"}],"wp:attachment":[{"href":"https:\/\/www.saldac.ch\/de\/wp-json\/wp\/v2\/media?parent=11295"}],"wp:term":[{"taxonomy":"product_cat","embeddable":true,"href":"https:\/\/www.saldac.ch\/de\/wp-json\/wp\/v2\/product_cat?post=11295"},{"taxonomy":"product_tag","embeddable":true,"href":"https:\/\/www.saldac.ch\/de\/wp-json\/wp\/v2\/product_tag?post=11295"}],"curies":[{"name":"wp","href":"https:\/\/api.w.org\/{rel}","templated":true}]}}