{"id":11296,"date":"2023-11-21T11:58:56","date_gmt":"2023-11-21T10:58:56","guid":{"rendered":"https:\/\/www.saldac.ch\/?post_type=product&#038;p=11296"},"modified":"2026-05-01T10:26:46","modified_gmt":"2026-05-01T08:26:46","slug":"chocolat-au-lait-el-inti-tablettes-100gr-amandes-2","status":"publish","type":"product","link":"https:\/\/www.saldac.ch\/de\/produkt\/chocolat-au-lait-el-inti-tablettes-100gr-amandes-2\/","title":{"rendered":"Milchschokolade mit Mandeln, Bio, Tafel 100 g"},"content":{"rendered":"<p>Tafel \u00e0 100 g Vollmilchschokolade mit 46 % Kakao und 15 % leicht ger\u00f6steten Mandeln.<\/p>\n<p>Zutaten: Kakaobohnen, Panela, Milch, Mandeln 15 %, Kakaobutter<\/p>\n<p>Ein Grand-Cru-Milchschokolade, sehr zartschmelzend und zugleich knusprig \u2013 hervorragend f\u00fcr die kleine Pause von Gro\u00df und Klein, zudem energiereich f\u00fcr Sportler.<\/p>\n<p>N\u00e4hrwertangaben (durchschnittliche Werte pro 100 g)<\/p>\n<p>Kohlenhydrate: 39,9 g (davon Zucker 34,3 g) \/ Fette: 44,6 g (davon ges\u00e4ttigte Fetts\u00e4uren 22,1 g) \/ Eiwei\u00df: 10,1 g \/ Salz: 0,3 g \/ Energiegehalt: 600 kcal \/ 2 493 kJ<\/p>","protected":false},"excerpt":{"rendered":"<p>Einzeln erh\u00e4ltlich oder in Schachteln zu 19 St\u00fcck<\/p>","protected":false},"featured_media":843,"template":"","meta":{"inline_featured_image":false},"product_cat":[572],"product_tag":[108,60],"_links":{"self":[{"href":"https:\/\/www.saldac.ch\/de\/wp-json\/wp\/v2\/product\/11296"}],"collection":[{"href":"https:\/\/www.saldac.ch\/de\/wp-json\/wp\/v2\/product"}],"about":[{"href":"https:\/\/www.saldac.ch\/de\/wp-json\/wp\/v2\/types\/product"}],"wp:featuredmedia":[{"embeddable":true,"href":"https:\/\/www.saldac.ch\/de\/wp-json\/wp\/v2\/media\/843"}],"wp:attachment":[{"href":"https:\/\/www.saldac.ch\/de\/wp-json\/wp\/v2\/media?parent=11296"}],"wp:term":[{"taxonomy":"product_cat","embeddable":true,"href":"https:\/\/www.saldac.ch\/de\/wp-json\/wp\/v2\/product_cat?post=11296"},{"taxonomy":"product_tag","embeddable":true,"href":"https:\/\/www.saldac.ch\/de\/wp-json\/wp\/v2\/product_tag?post=11296"}],"curies":[{"name":"wp","href":"https:\/\/api.w.org\/{rel}","templated":true}]}}