{"id":11323,"date":"2023-11-30T10:40:51","date_gmt":"2023-11-30T09:40:51","guid":{"rendered":"https:\/\/www.saldac.ch\/?post_type=product&#038;p=11323"},"modified":"2026-04-07T13:23:54","modified_gmt":"2026-04-07T11:23:54","slug":"cafe-kitche-du-guatemala-bio-equitable-grain-1kg","status":"publish","type":"product","link":"https:\/\/www.saldac.ch\/de\/produkt\/cafe-kitche-du-guatemala-bio-equitable-grain-1kg\/","title":{"rendered":"Kaffee Kitch\u00e9 aus Guatemala, bio\/fair gehandelt \u2013 Bohnen 1 kg"},"content":{"rendered":"<h2>Kaffee aus Guatemala: Die Exzellenz eines authentischen Terroirs<\/h2>\n<p class=\"translation-block\">Entdecken Sie einen au\u00dfergew\u00f6hnlichen Kaffee, mit Leidenschaft im Herzen Guatemalas angebaut. Dieser 100%ige <strong>Arabica<\/strong> stammt aus einer Frauengenossenschaft, die ihr handwerkliches K\u00f6nnen bewahrt. Jeder Schluck l\u00e4dt Sie zu einem perfekten Gleichgewicht zwischen Sanftheit und Intensit\u00e4t ein und verwandelt Ihre Kaffeepause in eine wahre Reise durch reiche und komplexe Aromen, veredelt durch eine sorgf\u00e4ltige <strong>handwerkliche R\u00f6stung<\/strong>.<\/p>\n<h3>Ein guatemaltekischer Kaffee mit subtilen Aromen<\/h3>\n<p class=\"translation-block\">Bekannt f\u00fcr sein <strong>raffiniertes Aromaprofil<\/strong>, entfaltet dieser Kaffee sanft einen fruchtigen und kr\u00e4ftigen Geschmack. Sein nachhaltiger Anbau, bio- und fairtrade-zertifiziert, garantiert nicht nur ein Produkt von h\u00f6chster Qualit\u00e4t, sondern auch den Respekt vor der Umwelt und eine faire Entlohnung der lokalen Produzentinnen.<\/p>\n<h3>Warum diesen guatemaltekischen Kaffee in Bohnen w\u00e4hlen?<\/h3>\n<p class=\"translation-block\"><strong>Ein au\u00dfergew\u00f6hnlicher Arabica<\/strong>: Genie\u00dfen Sie einen Kaffee mit kr\u00e4ftigen und fruchtigen Noten, ideal f\u00fcr eine raffinierte Verkostung, die jede Tasse in einen Moment intensiven Genusses verwandelt.<\/p>\n<p class=\"translation-block\"><strong>Nachvollziehbare und verantwortungsvolle Herkunft<\/strong>: Jede Bohne erz\u00e4hlt die Geschichte einer Frauengenossenschaft, die im Einklang mit den Traditionen und den Prinzipien des fairen Handels anbaut.<\/p>\n<p class=\"translation-block\"><strong>Garantierte Qualit\u00e4t und Frische<\/strong>: Unsere handwerkliche R\u00f6stung bewahrt sorgf\u00e4ltig den ganzen aromatischen Reichtum der Bohnen f\u00fcr ein unvergleichliches Geschmackserlebnis.<\/p>\n<p class=\"translation-block\"><strong>Vielseitig in der Zubereitung<\/strong>: Dieser Kaffee passt sich perfekt all Ihren W\u00fcnschen an.<\/p>","protected":false},"excerpt":{"rendered":"<p>Kaffee aus einer Frauengenossenschaft in Guatemala<\/p>","protected":false},"featured_media":14848,"template":"","meta":{"inline_featured_image":false},"product_cat":[571],"product_tag":[108,98],"_links":{"self":[{"href":"https:\/\/www.saldac.ch\/de\/wp-json\/wp\/v2\/product\/11323"}],"collection":[{"href":"https:\/\/www.saldac.ch\/de\/wp-json\/wp\/v2\/product"}],"about":[{"href":"https:\/\/www.saldac.ch\/de\/wp-json\/wp\/v2\/types\/product"}],"wp:featuredmedia":[{"embeddable":true,"href":"https:\/\/www.saldac.ch\/de\/wp-json\/wp\/v2\/media\/14848"}],"wp:attachment":[{"href":"https:\/\/www.saldac.ch\/de\/wp-json\/wp\/v2\/media?parent=11323"}],"wp:term":[{"taxonomy":"product_cat","embeddable":true,"href":"https:\/\/www.saldac.ch\/de\/wp-json\/wp\/v2\/product_cat?post=11323"},{"taxonomy":"product_tag","embeddable":true,"href":"https:\/\/www.saldac.ch\/de\/wp-json\/wp\/v2\/product_tag?post=11323"}],"curies":[{"name":"wp","href":"https:\/\/api.w.org\/{rel}","templated":true}]}}