{"id":11329,"date":"2023-11-30T10:53:55","date_gmt":"2023-11-30T09:53:55","guid":{"rendered":"https:\/\/www.saldac.ch\/produit\/cafe-capucas-du-honduras-bio-equitable-grain-4kg\/"},"modified":"2026-03-24T13:37:55","modified_gmt":"2026-03-24T12:37:55","slug":"cafe-capucas-du-honduras-bio-equitable-grain-4kg","status":"publish","type":"product","link":"https:\/\/www.saldac.ch\/de\/produkt\/cafe-capucas-du-honduras-bio-equitable-grain-4kg\/","title":{"rendered":"Kaffee Capucas aus Honduras, bio\/fair gehandelt \u2013 Bohnen 4 kg"},"content":{"rendered":"<p class=\"translation-block\"><strong>Der Marcala-Capucas-Kaffee aus Honduras besitzt eine kr\u00e4ftig ger\u00f6stete, aromatische Bohne mit Noten von Trockenfr\u00fcchten, Kakao und Gew\u00fcrzen<\/strong>, stammt aus einigen sorgf\u00e4ltig ausgew\u00e4hlten Plantagen und aus fairem Handel.<\/p>\n<p class=\"translation-block\"><strong>Die Neuheit 2021<\/strong>: <strong>Handwerkliche R\u00f6stung in unserer Werkstatt in Mont\u00e9limar,<\/strong> verpackt ohne Aluminium.<\/p>\n<p><strong>SCAA-Bewertung: 84<\/strong><\/p>\n<p>Er wird in einem 1-kg-Beutel mit Ventil angeboten, um seine volle Frische zu bewahren \u2013 f\u00fcr Privatkunden, Caf\u00e9s, Hotels, Restaurants und Gemeinschaftseinrichtungen. Biologisch, Ecocert-zertifiziert.<\/p>\n<p><strong>Unser Kaffeesortiment ist durch das SPP-System \u201eS\u00edmbolo de los Peque\u00f1os Productores\u201c als fair gehandelt zertifiziert \u2013 ein Label, das endlich den Produzenten selbst geh\u00f6rt: www.spp.coop<\/strong><\/p>","protected":false},"excerpt":{"rendered":"<p><strong>Der Marcala-Capucas-Kaffee aus Honduras besitzt eine kr\u00e4ftig ger\u00f6stete, aromatische Bohne mit Noten von Trockenfr\u00fcchten, Kakao und Gew\u00fcrzen.<\/strong><\/p>","protected":false},"featured_media":5409,"template":"","meta":{"inline_featured_image":false},"product_cat":[571],"product_tag":[108,98],"_links":{"self":[{"href":"https:\/\/www.saldac.ch\/de\/wp-json\/wp\/v2\/product\/11329"}],"collection":[{"href":"https:\/\/www.saldac.ch\/de\/wp-json\/wp\/v2\/product"}],"about":[{"href":"https:\/\/www.saldac.ch\/de\/wp-json\/wp\/v2\/types\/product"}],"wp:featuredmedia":[{"embeddable":true,"href":"https:\/\/www.saldac.ch\/de\/wp-json\/wp\/v2\/media\/5409"}],"wp:attachment":[{"href":"https:\/\/www.saldac.ch\/de\/wp-json\/wp\/v2\/media?parent=11329"}],"wp:term":[{"taxonomy":"product_cat","embeddable":true,"href":"https:\/\/www.saldac.ch\/de\/wp-json\/wp\/v2\/product_cat?post=11329"},{"taxonomy":"product_tag","embeddable":true,"href":"https:\/\/www.saldac.ch\/de\/wp-json\/wp\/v2\/product_tag?post=11329"}],"curies":[{"name":"wp","href":"https:\/\/api.w.org\/{rel}","templated":true}]}}