{"id":11349,"date":"2023-11-30T11:30:51","date_gmt":"2023-11-30T10:30:51","guid":{"rendered":"https:\/\/www.saldac.ch\/produit\/chocolat-noir-noisettes-63-bio-tablettes-100gr\/"},"modified":"2026-05-08T17:06:31","modified_gmt":"2026-05-08T15:06:31","slug":"chocolat-noir-noisettes-63-bio-tablettes-100gr","status":"publish","type":"product","link":"https:\/\/www.saldac.ch\/de\/produkt\/chocolat-noir-noisettes-63-bio-tablettes-100gr\/","title":{"rendered":"Zartbitterschokolade Haseln\u00fcsse 63 %, Bio, Tafeln 100 g"},"content":{"rendered":"<p>Tafel \u00e0 100 g Zartbitterschokolade mit 63 % Kakao und 15 % Haseln\u00fcssen.<\/p>\n<p>Zutaten: Kakaobohnen, Panela, Haseln\u00fcsse 15 %, Kakaobutter <\/p>\n<p>N\u00e4hrwertangaben (durchschnittliche Werte pro 100 g)<\/p>\n<p>Kohlenhydrate: 45,5 g (davon Zucker 27,9 g) \/ Fette: 43 g (davon ges\u00e4ttigte Fetts\u00e4uren 20,9 g) \/ Eiwei\u00df: 8,7 g \/ Salz: 0,1 g \/ Energiegehalt: 602 kcal \/ 2 505 kJ<\/p>","protected":false},"excerpt":{"rendered":"<p>Einzeln erh\u00e4ltlich oder in Schachteln zu 19 St\u00fcck<\/p>","protected":false},"featured_media":5349,"template":"","meta":{"inline_featured_image":false},"product_cat":[572],"product_tag":[108,60,62],"_links":{"self":[{"href":"https:\/\/www.saldac.ch\/de\/wp-json\/wp\/v2\/product\/11349"}],"collection":[{"href":"https:\/\/www.saldac.ch\/de\/wp-json\/wp\/v2\/product"}],"about":[{"href":"https:\/\/www.saldac.ch\/de\/wp-json\/wp\/v2\/types\/product"}],"wp:featuredmedia":[{"embeddable":true,"href":"https:\/\/www.saldac.ch\/de\/wp-json\/wp\/v2\/media\/5349"}],"wp:attachment":[{"href":"https:\/\/www.saldac.ch\/de\/wp-json\/wp\/v2\/media?parent=11349"}],"wp:term":[{"taxonomy":"product_cat","embeddable":true,"href":"https:\/\/www.saldac.ch\/de\/wp-json\/wp\/v2\/product_cat?post=11349"},{"taxonomy":"product_tag","embeddable":true,"href":"https:\/\/www.saldac.ch\/de\/wp-json\/wp\/v2\/product_tag?post=11349"}],"curies":[{"name":"wp","href":"https:\/\/api.w.org\/{rel}","templated":true}]}}