{"id":11363,"date":"2023-11-30T11:30:53","date_gmt":"2023-11-30T10:30:53","guid":{"rendered":"https:\/\/www.saldac.ch\/produit\/chocolat-noir-100-bio-tablettes-100gr\/"},"modified":"2026-05-08T17:06:31","modified_gmt":"2026-05-08T15:06:31","slug":"chocolat-noir-100-bio-tablettes-100gr","status":"publish","type":"product","link":"https:\/\/www.saldac.ch\/de\/produkt\/chocolat-noir-100-bio-tablettes-100gr\/","title":{"rendered":"Zartbitterschokolade 100 %, Bio, Tafeln 100 g"},"content":{"rendered":"<p>Tafel \u00e0 100 g Kakaomasse 100 % Kakao, ohne Zucker.<\/p>\n<p class=\"translation-block\"><strong>Zutaten<\/strong>: Kakaobohnen<\/p>\n<p>Sehr aromatisch mit Zitrusnoten, ideal f\u00fcr Kenner von \u201eGrand Cru\u201c-Kakao. Ohne Bitterkeit, kraftvoll und zartschmelzend \u2013 die Kakaomasse El Inti ist perfekt f\u00fcr Liebhaber intensiver Schokoladen.<\/p>\n<p>N\u00e4hrwertangaben (durchschnittliche Werte pro 100 g)<\/p>\n<p>Glucides : 26,3 g (dont sucres 3,9 g) Lipides : 57,5 g (dont acides gras satur\u00e9s 26,3 g) Prot\u00e9ines : 12,2 g Sel : 0,03 g Valeur \u00e9nerg\u00e9tique : 672 kcal \/ 2 782 kJ<\/p>","protected":false},"excerpt":{"rendered":"<p>Einzeln erh\u00e4ltlich oder in Schachteln zu 19 St\u00fcck<\/p>","protected":false},"featured_media":889,"template":"","meta":{"inline_featured_image":false},"product_cat":[572],"product_tag":[108,60,62],"_links":{"self":[{"href":"https:\/\/www.saldac.ch\/de\/wp-json\/wp\/v2\/product\/11363"}],"collection":[{"href":"https:\/\/www.saldac.ch\/de\/wp-json\/wp\/v2\/product"}],"about":[{"href":"https:\/\/www.saldac.ch\/de\/wp-json\/wp\/v2\/types\/product"}],"wp:featuredmedia":[{"embeddable":true,"href":"https:\/\/www.saldac.ch\/de\/wp-json\/wp\/v2\/media\/889"}],"wp:attachment":[{"href":"https:\/\/www.saldac.ch\/de\/wp-json\/wp\/v2\/media?parent=11363"}],"wp:term":[{"taxonomy":"product_cat","embeddable":true,"href":"https:\/\/www.saldac.ch\/de\/wp-json\/wp\/v2\/product_cat?post=11363"},{"taxonomy":"product_tag","embeddable":true,"href":"https:\/\/www.saldac.ch\/de\/wp-json\/wp\/v2\/product_tag?post=11363"}],"curies":[{"name":"wp","href":"https:\/\/api.w.org\/{rel}","templated":true}]}}