{"id":11364,"date":"2023-11-30T11:30:53","date_gmt":"2023-11-30T10:30:53","guid":{"rendered":"https:\/\/www.saldac.ch\/produit\/chocolat-noir-85-bio-tablettes-100gr\/"},"modified":"2026-04-26T11:35:15","modified_gmt":"2026-04-26T09:35:15","slug":"chocolat-noir-85-bio-tablettes-100gr","status":"publish","type":"product","link":"https:\/\/www.saldac.ch\/de\/produkt\/chocolat-noir-85-bio-tablettes-100gr\/","title":{"rendered":"Zartbitterschokolade 85 %, Bio, Tafeln 100 g"},"content":{"rendered":"<p>Tafel \u00e0 100 g Zartbitterschokolade mit 85 % Kakao.<\/p>\n<p class=\"translation-block\"><strong>Zutaten<\/strong>: Kakaobohnen, Panela, Kakaobutter<\/p>\n<p>Sehr aromatisch mit Zitrusnoten. Kraftvoll, ohne Bitterkeit \u2013 f\u00fcr Liebhaber intensiver \u201eGrand Cru\u201c-Schokoladen.<\/p>\n<p>N\u00e4hrwertangaben (durchschnittliche Werte pro 100 g)<\/p>\n<p>Kohlenhydrate: 38,1 g (davon Zucker 18,4 g) Fette: 48,3 g (davon ges\u00e4ttigte Fetts\u00e4uren 28,9 g) Eiwei\u00df: 10,1 g Salz: 0,04 g Energiegehalt: 628 kcal \/ 2 607 kJ<\/p>","protected":false},"excerpt":{"rendered":"<p>Einzeln erh\u00e4ltlich oder in Schachteln zu 19 St\u00fcck<\/p>","protected":false},"featured_media":885,"template":"","meta":{"inline_featured_image":false},"product_cat":[572],"product_tag":[108,60,62],"_links":{"self":[{"href":"https:\/\/www.saldac.ch\/de\/wp-json\/wp\/v2\/product\/11364"}],"collection":[{"href":"https:\/\/www.saldac.ch\/de\/wp-json\/wp\/v2\/product"}],"about":[{"href":"https:\/\/www.saldac.ch\/de\/wp-json\/wp\/v2\/types\/product"}],"wp:featuredmedia":[{"embeddable":true,"href":"https:\/\/www.saldac.ch\/de\/wp-json\/wp\/v2\/media\/885"}],"wp:attachment":[{"href":"https:\/\/www.saldac.ch\/de\/wp-json\/wp\/v2\/media?parent=11364"}],"wp:term":[{"taxonomy":"product_cat","embeddable":true,"href":"https:\/\/www.saldac.ch\/de\/wp-json\/wp\/v2\/product_cat?post=11364"},{"taxonomy":"product_tag","embeddable":true,"href":"https:\/\/www.saldac.ch\/de\/wp-json\/wp\/v2\/product_tag?post=11364"}],"curies":[{"name":"wp","href":"https:\/\/api.w.org\/{rel}","templated":true}]}}