{"id":11365,"date":"2023-11-30T11:30:53","date_gmt":"2023-11-30T10:30:53","guid":{"rendered":"https:\/\/www.saldac.ch\/produit\/chocolat-noir-70-bio-tablettes-100gr\/"},"modified":"2026-05-08T17:06:31","modified_gmt":"2026-05-08T15:06:31","slug":"chocolat-noir-70-bio-tablettes-100gr","status":"publish","type":"product","link":"https:\/\/www.saldac.ch\/de\/produkt\/chocolat-noir-70-bio-tablettes-100gr\/","title":{"rendered":"Zartbitterschokolade 70 %, Bio, Tafeln 100 g"},"content":{"rendered":"<p>Tafel \u00e0 100 g Zartbitterschokolade mit 70 % Kakao.<\/p>\n<p class=\"translation-block\"><strong>Zutaten<\/strong>: Kakaobohnen, Panela, Kakaobutter<\/p>\n<p>F\u00fcr Kenner von \u201cGrand Cru\u201d-Schokoladen. Reine Criollo-Herkunft, sehr aromatisch mit Zitrusnoten.<\/p>\n<p>N\u00e4hrwertangaben (durchschnittliche Werte pro 100 g)<\/p>\n<p>Kohlenhydrate: 44,5 g (davon Zucker 27,1 g) Fette: 43,6 g (davon ges\u00e4ttigte Fetts\u00e4uren 26,3 g) Eiwei\u00df: 8,8 g Salz: 0,08 g Energiegehalt: 606 kcal \/ 2 519 kJ<\/p>","protected":false},"excerpt":{"rendered":"<p>Einzeln erh\u00e4ltlich oder in Schachteln zu 19 St\u00fcck<\/p>","protected":false},"featured_media":883,"template":"","meta":{"inline_featured_image":false},"product_cat":[572],"product_tag":[108,60,62],"_links":{"self":[{"href":"https:\/\/www.saldac.ch\/de\/wp-json\/wp\/v2\/product\/11365"}],"collection":[{"href":"https:\/\/www.saldac.ch\/de\/wp-json\/wp\/v2\/product"}],"about":[{"href":"https:\/\/www.saldac.ch\/de\/wp-json\/wp\/v2\/types\/product"}],"wp:featuredmedia":[{"embeddable":true,"href":"https:\/\/www.saldac.ch\/de\/wp-json\/wp\/v2\/media\/883"}],"wp:attachment":[{"href":"https:\/\/www.saldac.ch\/de\/wp-json\/wp\/v2\/media?parent=11365"}],"wp:term":[{"taxonomy":"product_cat","embeddable":true,"href":"https:\/\/www.saldac.ch\/de\/wp-json\/wp\/v2\/product_cat?post=11365"},{"taxonomy":"product_tag","embeddable":true,"href":"https:\/\/www.saldac.ch\/de\/wp-json\/wp\/v2\/product_tag?post=11365"}],"curies":[{"name":"wp","href":"https:\/\/api.w.org\/{rel}","templated":true}]}}