{"id":11367,"date":"2023-11-30T11:30:53","date_gmt":"2023-11-30T10:30:53","guid":{"rendered":"https:\/\/www.saldac.ch\/produit\/chocolat-noir-70-fleur-de-sel-bio-tablette-100gr\/"},"modified":"2026-05-06T10:43:13","modified_gmt":"2026-05-06T08:43:13","slug":"chocolat-noir-fleur-de-sel-100g","status":"publish","type":"product","link":"https:\/\/www.saldac.ch\/de\/produkt\/chocolat-noir-fleur-de-sel-100g\/","title":{"rendered":"Zartbitterschokolade 70 % Fleur de Sel, Bio, Tafel 100 g"},"content":{"rendered":"<h2>Entdecken Sie die Exzellenz der dunklen Schokolade mit Fleur de Sel<\/h2>\n<h3>Genie\u00dfen Sie ein perfektes Gleichgewicht zwischen S\u00fc\u00dfe und Salzigkeit<\/h3>\n<p>Sind Sie auf der Suche nach der perfekten Verbindung aus intensiver Kakaokraft und einer dezent salzigen Note?\nDiese Tafel ist f\u00fcr Genie\u00dfer gemacht, die die Subtilit\u00e4t einer gro\u00dfen Schokolade sch\u00e4tzen, veredelt durch einen raffinierten Hauch von Meeresaromen. Mit jedem St\u00fcck begegnen sich die Aromen, erg\u00e4nzen sich harmonisch und entfalten ein \u00fcberraschend ausgewogenes Geschmackserlebnis \u2013 ideal als Abschluss eines Essens oder zur Stillung einer feinen Genusslust. Diese Schokolade vereint die F\u00fclle sorgf\u00e4ltig verarbeiteten Kakaos mit der Zartheit der Fleur de Sel und schafft so einen Moment au\u00dfergew\u00f6hnlichen Genusses.<\/p>\n<ul>\n<li style=\"list-style-type: none;\">\n<ul>\n<li>Tafel \u00e0 100 g Zartbitterschokolade mit 70 % Kakao, 1 % Gu\u00e9rande-Meersalzbl\u00fcte<\/li>\n<li>Zutaten: Kakaobohnen, Panela, Kakaobutter, Fleur de Sel 1 %<\/li>\n<li>\u00dcberraschender Kontrast zwischen Meersalzbl\u00fcte und Zartbitterschokolade. Intensiv und aromatisch.<\/li>\n<\/ul>\n<\/li>\n<\/ul>\n<p><strong>N\u00e4hrwertangaben (durchschnittliche Werte pro 100 g)<\/strong><\/p>\n<p>Kohlenhydrate: 43,5 g (davon Zucker 26,1 g)\nFett: 42,6 g (davon ges\u00e4ttigte Fetts\u00e4uren 25,3 g)\nEiwei\u00df: 8,2 g\nSalz: 1,08 g\nEnergiegehalt: 595 kcal \/ 2 493 kJ<\/p>\n<h3>Welche Vorteile bietet dunkle Schokolade mit Fleur de Sel?<\/h3>\n<p>Neben einem raffinierten Geschmackserlebnis stellt diese Schokolade die Einfachheit sorgf\u00e4ltig ausgew\u00e4hlter Zutaten in den Vordergrund. Sie entfaltet eine geschmackliche Komplexit\u00e4t, die Liebhaber feiner Nuancen begeistert, und steht zugleich f\u00fcr eine umweltbewusste Herstellung.<\/p>\n<h3>Warum Bio-Schokolade w\u00e4hlen?<\/h3>\n<p>Sich f\u00fcr Bio-Schokolade zu entscheiden bedeutet, eine transparente Lieferkette und Zutaten ohne umstrittene Zusatzstoffe zu bevorzugen. Es ist vor allem ein bewusster Schritt, der verantwortungsvolle landwirtschaftliche Praktiken unterst\u00fctzt und einen nat\u00fcrlich bewahrten Genuss garantiert.<\/p>","protected":false},"excerpt":{"rendered":"<p>Einzeln erh\u00e4ltlich oder in Schachteln zu 19 St\u00fcck<\/p>","protected":false},"featured_media":17617,"template":"","meta":{"inline_featured_image":false},"product_cat":[572],"product_tag":[108,60,62],"_links":{"self":[{"href":"https:\/\/www.saldac.ch\/de\/wp-json\/wp\/v2\/product\/11367"}],"collection":[{"href":"https:\/\/www.saldac.ch\/de\/wp-json\/wp\/v2\/product"}],"about":[{"href":"https:\/\/www.saldac.ch\/de\/wp-json\/wp\/v2\/types\/product"}],"wp:featuredmedia":[{"embeddable":true,"href":"https:\/\/www.saldac.ch\/de\/wp-json\/wp\/v2\/media\/17617"}],"wp:attachment":[{"href":"https:\/\/www.saldac.ch\/de\/wp-json\/wp\/v2\/media?parent=11367"}],"wp:term":[{"taxonomy":"product_cat","embeddable":true,"href":"https:\/\/www.saldac.ch\/de\/wp-json\/wp\/v2\/product_cat?post=11367"},{"taxonomy":"product_tag","embeddable":true,"href":"https:\/\/www.saldac.ch\/de\/wp-json\/wp\/v2\/product_tag?post=11367"}],"curies":[{"name":"wp","href":"https:\/\/api.w.org\/{rel}","templated":true}]}}