{"id":11373,"date":"2023-11-30T12:55:56","date_gmt":"2023-11-30T11:55:56","guid":{"rendered":"https:\/\/www.saldac.ch\/?post_type=product&#038;p=11373"},"modified":"2026-04-29T17:26:37","modified_gmt":"2026-04-29T15:26:37","slug":"chocolats-au-lait-el-inti-bio-tablettes-de-100gr","status":"publish","type":"product","link":"https:\/\/www.saldac.ch\/de\/produkt\/chocolats-au-lait-el-inti-bio-tablettes-de-100gr\/","title":{"rendered":"Milchschokoladen, El Inti, Bio, Tafeln 100 g"},"content":{"rendered":"<p class=\"translation-block\"><strong>Milchschokolade 46 % Kakao<\/strong>, Bohnen der Kooperative Pangoa (Peru), Vollrohrzucker aus Peru (Panela), Vollmilch, biologisch. Grand-Cru-Milchschokoladen, sehr zartschmelzend und aromatisch \u2013 hervorragend f\u00fcr die kleinen und gro\u00dfen Genie\u00dfer.<\/p>\n<p><strong>Unsere Schokoladenreihe ist fair gehandelt zertifiziert durch das System SPP \u201eSimbolo de los Peque\u00f1os Productores\u201c, ein Label, das endlich den Produzenten geh\u00f6rt: www.spp.coop<\/strong><\/p>","protected":false},"excerpt":{"rendered":"<p>Einzeln erh\u00e4ltlich oder in Schachteln zu 19 St\u00fcck<\/p>","protected":false},"featured_media":10930,"template":"","meta":{"inline_featured_image":false},"product_cat":[572],"product_tag":[108,107,60,62],"_links":{"self":[{"href":"https:\/\/www.saldac.ch\/de\/wp-json\/wp\/v2\/product\/11373"}],"collection":[{"href":"https:\/\/www.saldac.ch\/de\/wp-json\/wp\/v2\/product"}],"about":[{"href":"https:\/\/www.saldac.ch\/de\/wp-json\/wp\/v2\/types\/product"}],"wp:featuredmedia":[{"embeddable":true,"href":"https:\/\/www.saldac.ch\/de\/wp-json\/wp\/v2\/media\/10930"}],"wp:attachment":[{"href":"https:\/\/www.saldac.ch\/de\/wp-json\/wp\/v2\/media?parent=11373"}],"wp:term":[{"taxonomy":"product_cat","embeddable":true,"href":"https:\/\/www.saldac.ch\/de\/wp-json\/wp\/v2\/product_cat?post=11373"},{"taxonomy":"product_tag","embeddable":true,"href":"https:\/\/www.saldac.ch\/de\/wp-json\/wp\/v2\/product_tag?post=11373"}],"curies":[{"name":"wp","href":"https:\/\/api.w.org\/{rel}","templated":true}]}}