{"id":11378,"date":"2023-11-30T12:56:03","date_gmt":"2023-11-30T11:56:03","guid":{"rendered":"https:\/\/www.saldac.ch\/produit\/cafe-dexception-micro-lots-pur-bourbon-jaune-2\/"},"modified":"2026-03-30T14:49:15","modified_gmt":"2026-03-30T12:49:15","slug":"cafe-dexception-micro-lots-pur-bourbon-jaune-2","status":"publish","type":"product","link":"https:\/\/www.saldac.ch\/de\/produkt\/cafe-dexception-micro-lots-pur-bourbon-jaune-2\/","title":{"rendered":"Au\u00dfergew\u00f6hnlicher Kaffee, Mikrolots, bio, fair gehandelt, reiner Yellow Bourbon, Bohnen 250 g"},"content":{"rendered":"<p>Mikrolot Yellow Bourbon, eine einzige einzigartige Sorte mit gelben Fr\u00fcchten statt roten wie bei den meisten Kaffees \u2013 und dieses Jahr zus\u00e4tzlich von nur einer Produzentin: Finca Mikaela, auf ihrem Grundst\u00fcck in 1 500 m H\u00f6he im Terroir von El Palomar.<\/p>\n<p>Mit Liebe geerntet, wird dieser au\u00dfergew\u00f6hnliche Grand-Cru-Kaffee Ihre Geschmacksknospen verzaubern: sehr lang anhaltend im Mund, mild und gut ausgewogen, mit Noten von Steinfr\u00fcchten (Aprikosen, Pflaumen).<\/p>\n<p>Sehr begrenzte Mengen!!<\/p>\n<p class=\"translation-block\">Er stammt selbstverst\u00e4ndlich aus dem <strong>fairen Handel,<\/strong> zudem biologisch, zertifiziert von Ecocert.<\/p>\n<p class=\"translation-block\"><strong>Die Neuheit 2021<\/strong>: <strong>Handwerkliche R\u00f6stung in unserer Werkstatt in Mont\u00e9limar,<\/strong> verpackt ohne Aluminium.<\/p>\n<p>Unser Kaffeesortiment ist durch das SPP-System \u201eS\u00edmbolo de los Peque\u00f1os Productores\u201c als fair gehandelt zertifiziert \u2013 ein Label, das endlich den Produzenten selbst geh\u00f6rt: www.spp.coop<\/p>","protected":false},"excerpt":{"rendered":"<p class=\"translation-block\"><strong>Handwerkliche R\u00f6stung in unserer Werkstatt in Mont\u00e9limar,<\/strong> verpackt ohne Aluminium.<\/p>","protected":false},"featured_media":10928,"template":"","meta":{"inline_featured_image":false},"product_cat":[571],"product_tag":[108],"_links":{"self":[{"href":"https:\/\/www.saldac.ch\/de\/wp-json\/wp\/v2\/product\/11378"}],"collection":[{"href":"https:\/\/www.saldac.ch\/de\/wp-json\/wp\/v2\/product"}],"about":[{"href":"https:\/\/www.saldac.ch\/de\/wp-json\/wp\/v2\/types\/product"}],"wp:featuredmedia":[{"embeddable":true,"href":"https:\/\/www.saldac.ch\/de\/wp-json\/wp\/v2\/media\/10928"}],"wp:attachment":[{"href":"https:\/\/www.saldac.ch\/de\/wp-json\/wp\/v2\/media?parent=11378"}],"wp:term":[{"taxonomy":"product_cat","embeddable":true,"href":"https:\/\/www.saldac.ch\/de\/wp-json\/wp\/v2\/product_cat?post=11378"},{"taxonomy":"product_tag","embeddable":true,"href":"https:\/\/www.saldac.ch\/de\/wp-json\/wp\/v2\/product_tag?post=11378"}],"curies":[{"name":"wp","href":"https:\/\/api.w.org\/{rel}","templated":true}]}}