{"id":11381,"date":"2023-11-30T12:56:04","date_gmt":"2023-11-30T11:56:04","guid":{"rendered":"https:\/\/www.saldac.ch\/produit\/chocolat-cru-myrtilles-et-framboises-bio-tablettes-100gr\/"},"modified":"2026-04-18T10:42:05","modified_gmt":"2026-04-18T08:42:05","slug":"chocolat-cru-myrtilles-et-framboises-bio-tablettes-100gr","status":"publish","type":"product","link":"https:\/\/www.saldac.ch\/de\/produkt\/chocolat-cru-myrtilles-et-framboises-bio-tablettes-100gr\/","title":{"rendered":"Unger\u00f6stete Schokolade mit Heidelbeeren und Himbeeren, bio, Tafeln \u00e0 100 g"},"content":{"rendered":"<p>100 g Tafel unger\u00f6stete dunkle Schokolade mit 75 % Kakaoanteil und roten Fr\u00fcchten<\/p>\n<p>Zutaten: Kakaobohnen, Panela, Heidelbeeren 10 %, Himbeeren 5 %, Kakaobutter<\/p>\n<p>Erh\u00e4ltlich in Schachteln zu 16 Tafeln<\/p>\n<p>Eine Geschmacksexplosion von Heidelbeeren und Himbeeren \u2013 einfach au\u00dfergew\u00f6hnlich!<\/p>\n<p>N\u00e4hrwertangaben (durchschnittliche Werte pro 100 g)<\/p>\n<p>Kohlenhydrate: 41,2 g (davon Zucker 26,4 g) Fett: 37,5 g (davon ges\u00e4ttigte Fetts\u00e4uren 21,8 g) Eiwei\u00df: 7,5 g Salz: 0,04 g Brennwert: 540 kcal \/ 2 225 kj<\/p>","protected":false},"excerpt":{"rendered":"<p>Einzeln erh\u00e4ltlich oder in Schachteln zu 16 St\u00fcck<\/p>","protected":false},"featured_media":10555,"template":"","meta":{"inline_featured_image":false},"product_cat":[572],"product_tag":[108,60,62],"_links":{"self":[{"href":"https:\/\/www.saldac.ch\/de\/wp-json\/wp\/v2\/product\/11381"}],"collection":[{"href":"https:\/\/www.saldac.ch\/de\/wp-json\/wp\/v2\/product"}],"about":[{"href":"https:\/\/www.saldac.ch\/de\/wp-json\/wp\/v2\/types\/product"}],"wp:featuredmedia":[{"embeddable":true,"href":"https:\/\/www.saldac.ch\/de\/wp-json\/wp\/v2\/media\/10555"}],"wp:attachment":[{"href":"https:\/\/www.saldac.ch\/de\/wp-json\/wp\/v2\/media?parent=11381"}],"wp:term":[{"taxonomy":"product_cat","embeddable":true,"href":"https:\/\/www.saldac.ch\/de\/wp-json\/wp\/v2\/product_cat?post=11381"},{"taxonomy":"product_tag","embeddable":true,"href":"https:\/\/www.saldac.ch\/de\/wp-json\/wp\/v2\/product_tag?post=11381"}],"curies":[{"name":"wp","href":"https:\/\/api.w.org\/{rel}","templated":true}]}}