{"id":11382,"date":"2023-11-30T12:56:04","date_gmt":"2023-11-30T11:56:04","guid":{"rendered":"https:\/\/www.saldac.ch\/produit\/chocolat-cru-sesame-grille-bio-tablettes-100gr\/"},"modified":"2025-02-14T09:25:17","modified_gmt":"2025-02-14T08:25:17","slug":"chocolat-cru-sesame-grille-bio-tablettes-100gr","status":"publish","type":"product","link":"https:\/\/www.saldac.ch\/de\/produkt\/chocolat-cru-sesame-grille-bio-tablettes-100gr\/","title":{"rendered":"Rohschokolade Ger\u00f6steter Sesam, Bio, Tafeln 100 g"},"content":{"rendered":"<p>Tafel \u00e0 100 g Rohschokolade mit 75 % Kakao und ger\u00f6stetem Sesam<\/p>\n<p>Zutaten: Kakaobohnen, Panela, Sesam 12 %, Kakaobutter<\/p>\n<p>Erh\u00e4ltlich in Schachteln zu 16 Tafeln<\/p>\n<p>Eine ausgezeichnete Verbindung zwischen der Knackigkeit der ger\u00f6steten Sesamsamen und der Kraft der Schokolade.<\/p>\n<p>N\u00e4hrwertangaben (durchschnittliche Werte pro 100 g)<\/p>\n<p>Kohlenhydrate: 38,3 g (davon Zucker 21 g) Fette: 47 g (davon ges\u00e4ttigte Fetts\u00e4uren 24,8 g) Eiwei\u00df: 10,6 g Salz: 0,04 g Energiegehalt: 618 kcal \/ 2 573 kJ Magnesium: 194 mg Eisen: 3,8 mg<\/p>","protected":false},"excerpt":{"rendered":"<p>Einzeln erh\u00e4ltlich oder in Schachteln zu 16 St\u00fcck<\/p>","protected":false},"featured_media":10554,"template":"","meta":{"inline_featured_image":false},"product_cat":[572],"product_tag":[108,60,62],"_links":{"self":[{"href":"https:\/\/www.saldac.ch\/de\/wp-json\/wp\/v2\/product\/11382"}],"collection":[{"href":"https:\/\/www.saldac.ch\/de\/wp-json\/wp\/v2\/product"}],"about":[{"href":"https:\/\/www.saldac.ch\/de\/wp-json\/wp\/v2\/types\/product"}],"wp:featuredmedia":[{"embeddable":true,"href":"https:\/\/www.saldac.ch\/de\/wp-json\/wp\/v2\/media\/10554"}],"wp:attachment":[{"href":"https:\/\/www.saldac.ch\/de\/wp-json\/wp\/v2\/media?parent=11382"}],"wp:term":[{"taxonomy":"product_cat","embeddable":true,"href":"https:\/\/www.saldac.ch\/de\/wp-json\/wp\/v2\/product_cat?post=11382"},{"taxonomy":"product_tag","embeddable":true,"href":"https:\/\/www.saldac.ch\/de\/wp-json\/wp\/v2\/product_tag?post=11382"}],"curies":[{"name":"wp","href":"https:\/\/api.w.org\/{rel}","templated":true}]}}