{"id":11383,"date":"2023-11-30T12:56:04","date_gmt":"2023-11-30T11:56:04","guid":{"rendered":"https:\/\/www.saldac.ch\/produit\/chocolat-cru-amandes-et-raisins-bio-tablette-100gr\/"},"modified":"2026-03-05T18:22:35","modified_gmt":"2026-03-05T17:22:35","slug":"chocolat-non-torrefie-amandes-raisin-100gr","status":"publish","type":"product","link":"https:\/\/www.saldac.ch\/de\/produkt\/chocolat-non-torrefie-amandes-raisin-100gr\/","title":{"rendered":"Unger\u00f6stete Schokolade mit Mandeln und Rosinen, Bio, Tafel 100 g"},"content":{"rendered":"<p class=\"translation-block\">Diese <strong>unger\u00f6stete Schokolade mit Mandeln und Rosinen<\/strong> vereint die Kraft einer dunklen Schokolade mit 75 % Kakaoanteil  mit der Gro\u00dfz\u00fcgigkeit von Mandeln und Rosinen. Sie wird aus bei niedriger Temperatur ger\u00f6steten Kakaobohnen hergestellt und bewahrt so ihre nat\u00fcrlichen Aromen und N\u00e4hrstoffe vollst\u00e4ndig. Sie besteht aus Kakaobohnen, Panela, Mandeln, Rosinen und Kakaobutter und bietet ein Geschmackserlebnis, das reich an Texturen und Aromen ist.<\/p>\n<h2>Intensiver unger\u00f6steter Kakao, k\u00f6stliche Trockenfr\u00fcchte<\/h2>\n<h3>Knackige Mandeln, weiche Rosinen: perfekte Balance<\/h3>\n<p>Diese Tafel enth\u00e4lt ganze Mandeln, die f\u00fcr einen angenehmen Biss und eine nat\u00fcrliche R\u00f6stnote sorgen, sowie Rosinen, die eine fruchtige und weiche S\u00fc\u00dfe verleihen. Die Kombination aus bei niedriger Temperatur ger\u00f6stetem Kakao und diesen Trockenfr\u00fcchten schafft ein bemerkenswertes Geschmacksgleichgewicht, w\u00e4hrend die knackigen Mandeln dem Gaumen eine zus\u00e4tzliche Dimension verleihen. Die Panela verbindet alles miteinander, ohne den ausgepr\u00e4gten Charakter des Kakaos oder die Aromen der Trockenfr\u00fcchte zu \u00fcberdecken.<\/p>\n<table>\n<tbody>\n<tr>\n<th>N\u00e4hrwerte<\/th>\n<th>F\u00fcr 100 g<\/th>\n<\/tr>\n<tr>\n<td>Energiegehalt<\/td>\n<td>600 kcal \/ 2 493 kJ<\/td>\n<\/tr>\n<tr>\n<td>Eiwei\u00df<\/td>\n<td>9,9 g<\/td>\n<\/tr>\n<tr>\n<td>Kohlenhydrate<\/td>\n<td>41,2 g (dont sucres : 23,3 g)<\/td>\n<\/tr>\n<tr>\n<td>Fett<\/td>\n<td>43,9 g (dont satur\u00e9s : 23 g)<\/td>\n<\/tr>\n<tr>\n<td>Salz<\/td>\n<td>0,02 g<\/td>\n<\/tr>\n<tr>\n<td>Magnesium<\/td>\n<td>164 mg<\/td>\n<\/tr>\n<tr>\n<td>Eisen<\/td>\n<td>2,3 mg<\/td>\n<\/tr>\n<\/tbody>\n<\/table>\n<h3>Energiesnack oder s\u00fc\u00dfe Pause<\/h3>\n<p>Diese Tafel kann zu jeder Tageszeit genossen werden: als Snack beim Sport, in der Pause im B\u00fcro oder einfach f\u00fcr einen Moment schokoladigen Genusses. Die Trockenfr\u00fcchte sorgen f\u00fcr einen hohen N\u00e4hrwert und schnelle S\u00e4ttigung, was sie zu einer interessanten Alternative zu industriell hergestellten Energieriegeln macht. Zwei bis drei Quadrate reichen f\u00fcr eine zufriedenstellende Pause. Sie k\u00f6nnen die Tafel auch zum Backen verwenden, grob gehackt auf einem Kuchen oder geschmolzen in einer Ganache. Format 100 g, auch in einer Schachtel mit 16 Tafeln erh\u00e4ltlich.<\/p>\n<h3>Sind die Mandeln und Rosinen biologisch?<\/h3>\n<p>Ja, alle Zutaten dieser Schokolade sind bio-zertifiziert: Kakaobohnen, Panela, Mandeln und Rosinen. Das gesamte Produkt ist bio-zertifiziert.<\/p>\n<h3>Wie hoch ist der Anteil an Trockenfr\u00fcchten?<\/h3>\n<p>Diese Schokolade enth\u00e4lt 10 % Mandeln und 5 % Rosinen, also insgesamt 15 % Trockenfr\u00fcchte. Der Rest besteht aus Kakao (Bohnen und Butter) und Panela, sodass insgesamt 75 % Kakao enthalten sind.<\/p>","protected":false},"excerpt":{"rendered":"<p>Bio- und Fairtrade-zertifiziert, erh\u00e4ltlich als 100-g-Tafel oder in Schachteln mit 16 Tafeln.<\/p>","protected":false},"featured_media":17817,"template":"","meta":{"inline_featured_image":false},"product_cat":[572],"product_tag":[108,60,62],"_links":{"self":[{"href":"https:\/\/www.saldac.ch\/de\/wp-json\/wp\/v2\/product\/11383"}],"collection":[{"href":"https:\/\/www.saldac.ch\/de\/wp-json\/wp\/v2\/product"}],"about":[{"href":"https:\/\/www.saldac.ch\/de\/wp-json\/wp\/v2\/types\/product"}],"wp:featuredmedia":[{"embeddable":true,"href":"https:\/\/www.saldac.ch\/de\/wp-json\/wp\/v2\/media\/17817"}],"wp:attachment":[{"href":"https:\/\/www.saldac.ch\/de\/wp-json\/wp\/v2\/media?parent=11383"}],"wp:term":[{"taxonomy":"product_cat","embeddable":true,"href":"https:\/\/www.saldac.ch\/de\/wp-json\/wp\/v2\/product_cat?post=11383"},{"taxonomy":"product_tag","embeddable":true,"href":"https:\/\/www.saldac.ch\/de\/wp-json\/wp\/v2\/product_tag?post=11383"}],"curies":[{"name":"wp","href":"https:\/\/api.w.org\/{rel}","templated":true}]}}