{"id":11390,"date":"2023-11-30T12:56:05","date_gmt":"2023-11-30T11:56:05","guid":{"rendered":"https:\/\/www.saldac.ch\/produit\/chocolats-noir-90-sucre-a-lagave-bio-100gr\/"},"modified":"2025-09-23T10:20:15","modified_gmt":"2025-09-23T08:20:15","slug":"chocolats-noir-90-sucre-a-lagave-bio-100gr","status":"publish","type":"product","link":"https:\/\/www.saldac.ch\/de\/produkt\/chocolats-noir-90-sucre-a-lagave-bio-100gr\/","title":{"rendered":"Zartbitterschokolade 90 %, mit Agave ges\u00fc\u00dft, Bio, 100 g"},"content":{"rendered":"<p>Tafel \u00e0 100 g Zartbitterschokolade mit 90 % Kakao, ges\u00fc\u00dft mit Agave.<\/p>\n<p>Agave hat einen niedrigen glyk\u00e4mischen Index und kann daher im Rahmen einer zuckerreduzierten Ern\u00e4hrung verzehrt werden.<\/p>\n<p>Zutaten: Kakaobohnen, Agavensirup-Pulver, Kakaobutter<\/p>\n<p>N\u00e4hrwertangaben (durchschnittliche Werte pro 100 g)<\/p>\n<p>Glucides : 33,3 g (dont sucres 9,4 g) Lipides : 50,7 g (dont acides gras satur\u00e9s 29,5 g) Prot\u00e9ines : 11,4 g Sel : 0,01 g Valeur \u00e9nerg\u00e9tique : 636 kcal \/ 2 636 kJ<\/p>","protected":false},"excerpt":{"rendered":"<p>Einzeln erh\u00e4ltlich oder in Schachteln zu 10 St\u00fcck<\/p>","protected":false},"featured_media":10556,"template":"","meta":{"inline_featured_image":false},"product_cat":[572],"product_tag":[108,60,62],"_links":{"self":[{"href":"https:\/\/www.saldac.ch\/de\/wp-json\/wp\/v2\/product\/11390"}],"collection":[{"href":"https:\/\/www.saldac.ch\/de\/wp-json\/wp\/v2\/product"}],"about":[{"href":"https:\/\/www.saldac.ch\/de\/wp-json\/wp\/v2\/types\/product"}],"wp:featuredmedia":[{"embeddable":true,"href":"https:\/\/www.saldac.ch\/de\/wp-json\/wp\/v2\/media\/10556"}],"wp:attachment":[{"href":"https:\/\/www.saldac.ch\/de\/wp-json\/wp\/v2\/media?parent=11390"}],"wp:term":[{"taxonomy":"product_cat","embeddable":true,"href":"https:\/\/www.saldac.ch\/de\/wp-json\/wp\/v2\/product_cat?post=11390"},{"taxonomy":"product_tag","embeddable":true,"href":"https:\/\/www.saldac.ch\/de\/wp-json\/wp\/v2\/product_tag?post=11390"}],"curies":[{"name":"wp","href":"https:\/\/api.w.org\/{rel}","templated":true}]}}