{"id":11391,"date":"2023-11-30T12:56:05","date_gmt":"2023-11-30T11:56:05","guid":{"rendered":"https:\/\/www.saldac.ch\/produit\/chocolats-noir-90-noisettes-sucre-a-lagave-bio-100gr\/"},"modified":"2026-03-05T16:02:46","modified_gmt":"2026-03-05T15:02:46","slug":"chocolats-noir-90-noisettes-sucre-a-lagave-bio-100gr","status":"publish","type":"product","link":"https:\/\/www.saldac.ch\/de\/produkt\/chocolats-noir-90-noisettes-sucre-a-lagave-bio-100gr\/","title":{"rendered":"Zartbitterschokolade 90 %, Haseln\u00fcsse, mit Agave ges\u00fc\u00dft, Bio, 100 g"},"content":{"rendered":"<p>Tafel \u00e0 100 g Zartbitterschokolade mit 90 % Kakao und Haseln\u00fcssen.<\/p>\n<p>Zutaten: Kakaobohnen, Haseln\u00fcsse 15 %, Agavensirup-Pulver, Kakaobutter<\/p>\n<p>N\u00e4hrwertangaben (durchschnittliche Werte pro 100 g)<\/p>\n<p>Glucides : 31,65 g (dont sucres 8,89 g) Lipides : 51,7 g (dont acides gras satur\u00e9s 27 g) Prot\u00e9ines : 11,5 g Sel : 0,01 g Valeur \u00e9nerg\u00e9tique : 639 kcal \/ 2 652 kJ<\/p>","protected":false},"excerpt":{"rendered":"<p>Einzeln erh\u00e4ltlich oder in Schachteln zu 10 St\u00fcck<\/p>","protected":false},"featured_media":10557,"template":"","meta":{"inline_featured_image":false},"product_cat":[584,572],"product_tag":[108,60,62],"_links":{"self":[{"href":"https:\/\/www.saldac.ch\/de\/wp-json\/wp\/v2\/product\/11391"}],"collection":[{"href":"https:\/\/www.saldac.ch\/de\/wp-json\/wp\/v2\/product"}],"about":[{"href":"https:\/\/www.saldac.ch\/de\/wp-json\/wp\/v2\/types\/product"}],"wp:featuredmedia":[{"embeddable":true,"href":"https:\/\/www.saldac.ch\/de\/wp-json\/wp\/v2\/media\/10557"}],"wp:attachment":[{"href":"https:\/\/www.saldac.ch\/de\/wp-json\/wp\/v2\/media?parent=11391"}],"wp:term":[{"taxonomy":"product_cat","embeddable":true,"href":"https:\/\/www.saldac.ch\/de\/wp-json\/wp\/v2\/product_cat?post=11391"},{"taxonomy":"product_tag","embeddable":true,"href":"https:\/\/www.saldac.ch\/de\/wp-json\/wp\/v2\/product_tag?post=11391"}],"curies":[{"name":"wp","href":"https:\/\/api.w.org\/{rel}","templated":true}]}}