{"id":11392,"date":"2023-11-30T12:56:06","date_gmt":"2023-11-30T11:56:06","guid":{"rendered":"https:\/\/www.saldac.ch\/produit\/chocolat-noir-80-au-xylithol-bio-pj-70gr\/"},"modified":"2026-05-01T17:13:57","modified_gmt":"2026-05-01T15:13:57","slug":"chocolat-noir-80-au-xylithol-bio-pj-70gr","status":"publish","type":"product","link":"https:\/\/www.saldac.ch\/de\/produkt\/chocolat-noir-80-au-xylithol-bio-pj-70gr\/","title":{"rendered":"Zartbitterschokolade 80 % mit Xylit, Bio, PJ, 70 g"},"content":{"rendered":"<p>Tafel \u00e0 70 g.<\/p>\n<p>Der Chococru 80 % ist eine \u00e4u\u00dferst reine Schokolade \u2013 kr\u00e4ftig und blumig! Trotz ihres hohen Kakaoanteils werden Sie \u00fcberrascht sein, wie leicht sie sich genie\u00dfen l\u00e4sst.<\/p>\n<p>Wie alle Schokoladen von PJ Natura wird CHOCOCRU NOIR 80 % in ihren Werkst\u00e4tten vollst\u00e4ndig handwerklich hergestellt und von Hand in Formen gegossen.<\/p>","protected":false},"excerpt":{"rendered":"<p>Einzeln erh\u00e4ltlich oder in Schachteln zu 10 St\u00fcck<\/p>","protected":false},"featured_media":5353,"template":"","meta":{"inline_featured_image":false},"product_cat":[572],"product_tag":[108,102,114],"_links":{"self":[{"href":"https:\/\/www.saldac.ch\/de\/wp-json\/wp\/v2\/product\/11392"}],"collection":[{"href":"https:\/\/www.saldac.ch\/de\/wp-json\/wp\/v2\/product"}],"about":[{"href":"https:\/\/www.saldac.ch\/de\/wp-json\/wp\/v2\/types\/product"}],"wp:featuredmedia":[{"embeddable":true,"href":"https:\/\/www.saldac.ch\/de\/wp-json\/wp\/v2\/media\/5353"}],"wp:attachment":[{"href":"https:\/\/www.saldac.ch\/de\/wp-json\/wp\/v2\/media?parent=11392"}],"wp:term":[{"taxonomy":"product_cat","embeddable":true,"href":"https:\/\/www.saldac.ch\/de\/wp-json\/wp\/v2\/product_cat?post=11392"},{"taxonomy":"product_tag","embeddable":true,"href":"https:\/\/www.saldac.ch\/de\/wp-json\/wp\/v2\/product_tag?post=11392"}],"curies":[{"name":"wp","href":"https:\/\/api.w.org\/{rel}","templated":true}]}}