{"id":11400,"date":"2023-11-30T12:56:07","date_gmt":"2023-11-30T11:56:07","guid":{"rendered":"https:\/\/www.saldac.ch\/produit\/choco-noisettes-2kg-confiseries-au-chocolat-vrac-bio\/"},"modified":"2026-01-28T11:53:58","modified_gmt":"2026-01-28T10:53:58","slug":"choco-noisettes-2kg-confiseries-au-chocolat-vrac-bio","status":"publish","type":"product","link":"https:\/\/www.saldac.ch\/de\/produkt\/choco-noisettes-2kg-confiseries-au-chocolat-vrac-bio\/","title":{"rendered":"Choco-Haseln\u00fcsse 2 kg, Schokoladenkonfekt, Bulk, bio"},"content":{"rendered":"<p>Beutel mit 2 kg Haseln\u00fcssen, umh\u00fcllt mit Zartbitterschokolade.<\/p>","protected":false},"excerpt":{"rendered":"<p>Bio-Haseln\u00fcsse, umh\u00fcllt mit 63 % Zartbitterschokolade.<\/p>","protected":false},"featured_media":5416,"template":"","meta":{"inline_featured_image":false},"product_cat":[572],"product_tag":[108,107,116,60,62,98],"_links":{"self":[{"href":"https:\/\/www.saldac.ch\/de\/wp-json\/wp\/v2\/product\/11400"}],"collection":[{"href":"https:\/\/www.saldac.ch\/de\/wp-json\/wp\/v2\/product"}],"about":[{"href":"https:\/\/www.saldac.ch\/de\/wp-json\/wp\/v2\/types\/product"}],"wp:featuredmedia":[{"embeddable":true,"href":"https:\/\/www.saldac.ch\/de\/wp-json\/wp\/v2\/media\/5416"}],"wp:attachment":[{"href":"https:\/\/www.saldac.ch\/de\/wp-json\/wp\/v2\/media?parent=11400"}],"wp:term":[{"taxonomy":"product_cat","embeddable":true,"href":"https:\/\/www.saldac.ch\/de\/wp-json\/wp\/v2\/product_cat?post=11400"},{"taxonomy":"product_tag","embeddable":true,"href":"https:\/\/www.saldac.ch\/de\/wp-json\/wp\/v2\/product_tag?post=11400"}],"curies":[{"name":"wp","href":"https:\/\/api.w.org\/{rel}","templated":true}]}}