{"id":11402,"date":"2023-11-30T12:56:11","date_gmt":"2023-11-30T11:56:11","guid":{"rendered":"https:\/\/www.saldac.ch\/produit\/gingembrette-2kg-confiseries-au-chocolat-vrac-bio\/"},"modified":"2026-04-13T12:41:52","modified_gmt":"2026-04-13T10:41:52","slug":"gingembrette-2kg-confiseries-au-chocolat-vrac-bio","status":"publish","type":"product","link":"https:\/\/www.saldac.ch\/de\/produkt\/gingembrette-2kg-confiseries-au-chocolat-vrac-bio\/","title":{"rendered":"Ingwerst\u00e4bchen 2 kg, Schokoladenkonfekt, Bulk, bio"},"content":{"rendered":"<p>Schachtel mit 2 kg kandiertem Ingwer in Scheiben, umh\u00fcllt mit 63 % Zartbitterschokolade.<\/p>\n<p>Ingwer aus Peru, von unseren Partnern in Scheiben kandiert und mit 63 % Zartbitterschokolade \u00fcberzogen. Einfach ausgezeichnet. Der Kontrast zwischen der w\u00fcrzigen Sch\u00e4rfe des Ingwers und der Feinheit der Schokolade.<\/p>\n<p class=\"translation-block\"><strong>Grand Cru reiner Criollo-Herkunft<\/strong>, aus der Kooperative Pangoa in Peru, handwerklich verarbeitet in der Dr\u00f4me, wodurch sich sein ganzer Geschmack entfaltet. Vollrohrzucker aus Peru. Biologisch. Ohne Lecithin.<\/p>\n<p class=\"translation-block\"><strong>Zutaten<\/strong>: 52 % Schokoladen\u00fcberzug (Kakaobohnen, Panela, Kakaobutter), 48 % kandierter Ingwer (Ingwer und Rohrzucker)<\/p>\n<p><strong>N\u00e4hrwerteigenschaften <\/strong>(Durchschnittswerte pro 100 g)<\/p>\n<p>Kohlenhydrate: 68,6 g (davon Zucker 60,5 g) Fette: 15,9 g (davon ges\u00e4ttigte Fetts\u00e4uren 9,1 g) Eiwei\u00df: 4,9 g Salz: 0,04 g<\/p>\n<p>Energiegehalt: 436 kcal \/ 1 837 kJ<\/p>\n<p><strong>Unsere Schokoladenreihe ist fair gehandelt zertifiziert durch das System SPP \u201eSimbolo de los Peque\u00f1os Productores\u201c, ein Label, das endlich den Produzenten geh\u00f6rt: www.spp.coop<\/strong><\/p>\n<p>&nbsp;<\/p>","protected":false},"excerpt":{"rendered":"<p>Der Kontrast zwischen der w\u00fcrzigen Sch\u00e4rfe des Ingwers und der Feinheit der Schokolade.<\/p>","protected":false},"featured_media":10935,"template":"","meta":{"inline_featured_image":false},"product_cat":[572],"product_tag":[108,107,116,60,117],"_links":{"self":[{"href":"https:\/\/www.saldac.ch\/de\/wp-json\/wp\/v2\/product\/11402"}],"collection":[{"href":"https:\/\/www.saldac.ch\/de\/wp-json\/wp\/v2\/product"}],"about":[{"href":"https:\/\/www.saldac.ch\/de\/wp-json\/wp\/v2\/types\/product"}],"wp:featuredmedia":[{"embeddable":true,"href":"https:\/\/www.saldac.ch\/de\/wp-json\/wp\/v2\/media\/10935"}],"wp:attachment":[{"href":"https:\/\/www.saldac.ch\/de\/wp-json\/wp\/v2\/media?parent=11402"}],"wp:term":[{"taxonomy":"product_cat","embeddable":true,"href":"https:\/\/www.saldac.ch\/de\/wp-json\/wp\/v2\/product_cat?post=11402"},{"taxonomy":"product_tag","embeddable":true,"href":"https:\/\/www.saldac.ch\/de\/wp-json\/wp\/v2\/product_tag?post=11402"}],"curies":[{"name":"wp","href":"https:\/\/api.w.org\/{rel}","templated":true}]}}