{"id":11403,"date":"2023-11-30T12:56:11","date_gmt":"2023-11-30T11:56:11","guid":{"rendered":"https:\/\/www.saldac.ch\/produit\/orangettes-2kg-confiseries-au-chocolat-vrac-bio\/"},"modified":"2026-04-07T10:16:24","modified_gmt":"2026-04-07T08:16:24","slug":"orangettes-2kg-confiseries-au-chocolat-vrac-bio","status":"publish","type":"product","link":"https:\/\/www.saldac.ch\/de\/produkt\/orangettes-2kg-confiseries-au-chocolat-vrac-bio\/","title":{"rendered":"Orangettes 2 kg, Schokoladenkonfekt, Bulk, Bio"},"content":{"rendered":"<h2>Bio-Orangettes mit Zartbitterschokolade: raffinierter Genuss zwischen kandierten Fr\u00fcchten und dunkler Schokolade<\/h2>\n<p class=\"translation-block\">Entdecken Sie die perfekte Verbindung zwischen der sonnigen S\u00fc\u00dfe kandierter Orangen und der aromatischen Tiefe der Zartbitterschokolade mit unseren <strong>handwerklich hergestellten Bio-Orangettes<\/strong>. Jeder Bissen offenbart ein meisterhaft ausbalanciertes Zusammenspiel fruchtiger Aromen und intensiver Kakaonoten \u2013 ein Genuss f\u00fcr alle Liebhaber authentischer K\u00f6stlichkeiten. Hergestellt aus streng ausgew\u00e4hlten Bio-Zutaten sind diese feinen Confiserien ebenso zum Verschenken geeignet wie f\u00fcr einen pers\u00f6nlichen Genussmoment.<\/p>\n<h3>Die unwiderstehlichen Vorz\u00fcge unserer Bio-Orangettes<\/h3>\n<p class=\"translation-block\"><strong>Intensiv aromatische Orangenschalen<\/strong>, sorgf\u00e4ltig in Peru kandiert und anschlie\u00dfend <strong>mit 63 % Zartbitterschokolade<\/strong> umh\u00fcllt, die tiefe und fruchtige Noten vereint. Dieser Criollo-Grand-Cru aus der Kooperative Pangoa wird in der Dr\u00f4me handwerklich verarbeitet, um seinen ganzen Reichtum zu entfalten. Eine biologische K\u00f6stlichkeit ohne Lecithin, ges\u00fc\u00dft mit Vollrohrzucker aus Peru. Das perfekte Gleichgewicht zwischen Charakter und Finesse.<\/p>\n<p>Das Herstellungsverfahren verbindet die kandierten Orangenschalen behutsam mit Bio-Zartbitterschokolade und schafft so eine au\u00dfergew\u00f6hnliche Geschmacksharmonie. Das Zusammenspiel der leichten S\u00e4ure der Orange mit den holzigen Noten des Kakaos erzeugt jenen verf\u00fchrerischen Kontrast, der die Orangettes von Qualit\u00e4t so ber\u00fchmt macht. Ihre zugleich zarte und schmelzende Textur sorgt f\u00fcr ein wahrhaft unvergessliches Genusserlebnis.<\/p>\n<p>Diese K\u00f6stlichkeiten werden ausschlie\u00dflich aus Zutaten aus biologischem Anbau hergestellt und garantieren so Genuss ohne Kompromisse bei der Qualit\u00e4t. Ob w\u00e4hrend einer wohlverdienten Pause, als Begleitung zu einem kr\u00e4ftigen Espresso oder als Geschenk \u2013 unsere Orangettes verk\u00f6rpern die Eleganz und Gro\u00dfz\u00fcgigkeit traditioneller Confiserien in neuem Gewand.<\/p>\n<p><strong>Zutaten<\/strong> :<\/p>\n<ul>\n<li style=\"list-style-type: none;\">\n<ul>\n<li>52 % Schokoladen\u00fcberzug (Kakaobohnen, Panela, Kakaobutter)<\/li>\n<li>48 % kandierte Orange (Orangenschale und Rohrzucker)<\/li>\n<\/ul>\n<\/li>\n<\/ul>\n<p><strong>N\u00e4hrwertangaben (durchschnittliche Werte pro 100 g)<\/strong><\/p>\n<ul>\n<li style=\"list-style-type: none;\">\n<ul>\n<li>Kohlenhydrate: 62,7 g (davon Zucker 55,2 g)<\/li>\n<li>Fette: 15,6 g (davon ges\u00e4ttigte Fetts\u00e4uren 9,1 g)<\/li>\n<li>Eiwei\u00df: 2,9 g<\/li>\n<li>Salz: 0,04 g<\/li>\n<li>Energiegehalt: 412 kcal \/ 1 728 kJ<\/li>\n<\/ul>\n<\/li>\n<\/ul>\n<p>Unsere Schokoladenreihe ist fair gehandelt zertifiziert durch das System SPP \u201eSimbolo de los Peque\u00f1os Productores\u201c, ein Label, das endlich den Produzenten geh\u00f6rt: www.spp.coop<\/p>","protected":false},"excerpt":{"rendered":"<p>Sehr aromatische Orangensorten, umh\u00fcllt mit 63 % Zartbitterschokolade<\/p>","protected":false},"featured_media":15313,"template":"","meta":{"inline_featured_image":false},"product_cat":[572],"product_tag":[108,116,60,62,98],"_links":{"self":[{"href":"https:\/\/www.saldac.ch\/de\/wp-json\/wp\/v2\/product\/11403"}],"collection":[{"href":"https:\/\/www.saldac.ch\/de\/wp-json\/wp\/v2\/product"}],"about":[{"href":"https:\/\/www.saldac.ch\/de\/wp-json\/wp\/v2\/types\/product"}],"wp:featuredmedia":[{"embeddable":true,"href":"https:\/\/www.saldac.ch\/de\/wp-json\/wp\/v2\/media\/15313"}],"wp:attachment":[{"href":"https:\/\/www.saldac.ch\/de\/wp-json\/wp\/v2\/media?parent=11403"}],"wp:term":[{"taxonomy":"product_cat","embeddable":true,"href":"https:\/\/www.saldac.ch\/de\/wp-json\/wp\/v2\/product_cat?post=11403"},{"taxonomy":"product_tag","embeddable":true,"href":"https:\/\/www.saldac.ch\/de\/wp-json\/wp\/v2\/product_tag?post=11403"}],"curies":[{"name":"wp","href":"https:\/\/api.w.org\/{rel}","templated":true}]}}