{"id":11404,"date":"2023-11-30T12:56:11","date_gmt":"2023-11-30T11:56:11","guid":{"rendered":"https:\/\/www.saldac.ch\/produit\/manguettes-2kg-confiseries-au-chocolat-vrac-bio\/"},"modified":"2026-04-10T00:31:38","modified_gmt":"2026-04-09T22:31:38","slug":"manguettes-2kg-confiseries-au-chocolat-vrac-bio","status":"publish","type":"product","link":"https:\/\/www.saldac.ch\/de\/produkt\/manguettes-2kg-confiseries-au-chocolat-vrac-bio\/","title":{"rendered":"Mangost\u00fcckchen 2 kg, Schokoladenkonfekt, Bulk, bio"},"content":{"rendered":"<p>Schachtel mit 2 kg getrockneter Mango, umh\u00fcllt mit 63 % Zartbitterschokolade.<\/p>\n<p>Zutaten: 52 % Schokoladen\u00fcberzug (Kakaobohnen, Panela, Kakaobutter), 48 % getrocknete Mango.<\/p>\n<p>N\u00e4hrwertangaben (durchschnittliche Werte pro 100 g)<\/p>\n<p>Kohlenhydrate: 61,3 g (davon Zucker 47,8 g) Fette: 16,8 g (davon ges\u00e4ttigte Fetts\u00e4uren 9,1 g) Eiwei\u00df: 4,6 g Salz: 0,04 g Energiegehalt: 414 kcal \/ 1 725 kJ<\/p>","protected":false},"excerpt":{"rendered":"<p>Getrocknete Mango, umh\u00fcllt mit 63 % Zartbitterschokolade<\/p>","protected":false},"featured_media":10947,"template":"","meta":{"inline_featured_image":false},"product_cat":[572],"product_tag":[108,107,116,60],"_links":{"self":[{"href":"https:\/\/www.saldac.ch\/de\/wp-json\/wp\/v2\/product\/11404"}],"collection":[{"href":"https:\/\/www.saldac.ch\/de\/wp-json\/wp\/v2\/product"}],"about":[{"href":"https:\/\/www.saldac.ch\/de\/wp-json\/wp\/v2\/types\/product"}],"wp:featuredmedia":[{"embeddable":true,"href":"https:\/\/www.saldac.ch\/de\/wp-json\/wp\/v2\/media\/10947"}],"wp:attachment":[{"href":"https:\/\/www.saldac.ch\/de\/wp-json\/wp\/v2\/media?parent=11404"}],"wp:term":[{"taxonomy":"product_cat","embeddable":true,"href":"https:\/\/www.saldac.ch\/de\/wp-json\/wp\/v2\/product_cat?post=11404"},{"taxonomy":"product_tag","embeddable":true,"href":"https:\/\/www.saldac.ch\/de\/wp-json\/wp\/v2\/product_tag?post=11404"}],"curies":[{"name":"wp","href":"https:\/\/api.w.org\/{rel}","templated":true}]}}