{"id":11405,"date":"2023-11-30T12:56:12","date_gmt":"2023-11-30T11:56:12","guid":{"rendered":"https:\/\/www.saldac.ch\/produit\/choco-passion-2kg-confiseries-au-chocolat-vrac-bio\/"},"modified":"2026-04-29T15:53:58","modified_gmt":"2026-04-29T13:53:58","slug":"choco-passion-2kg-confiseries-au-chocolat-vrac-bio","status":"publish","type":"product","link":"https:\/\/www.saldac.ch\/de\/produkt\/choco-passion-2kg-confiseries-au-chocolat-vrac-bio\/","title":{"rendered":"Choco-Passion 2 kg, Schokoladenkonfekt, Bulk, Bio"},"content":{"rendered":"<p>Schachtel mit 2 kg Passionsfrucht-P\u00e2te de Fruit, aromatisch und leicht s\u00e4uerlich, umh\u00fcllt mit 63 % Zartbitterschokolade.<\/p>\n<p>Zutaten: 65 % Passionsfrucht-P\u00e2te de Fruit (Zucker und Passionsfruchtsaft), 35 % Schokoladen\u00fcberzug (Kakaobohnen, Panela, Kakaobutter)<\/p>\n<p>N\u00e4hrwertangaben (durchschnittliche Werte pro 100 g)<\/p>\n<p>Kohlenhydrate: 68,5 g (davon Zucker 49,5 g) Fette: 12,9 g (davon ges\u00e4ttigte Fetts\u00e4uren 7,5 g) Eiwei\u00df: 5,5 g Salz: 0,04 g \/ Energiegehalt: 404 kcal \/ 1 696 kJ<\/p>","protected":false},"excerpt":{"rendered":"<p>Passionsfrucht-P\u00e2te de Fruit, aromatisch und leicht s\u00e4uerlich, umh\u00fcllt mit 63 % Zartbitterschokolade.<\/p>","protected":false},"featured_media":10941,"template":"","meta":{"inline_featured_image":false},"product_cat":[572],"product_tag":[108,107,116,60,62,98],"_links":{"self":[{"href":"https:\/\/www.saldac.ch\/de\/wp-json\/wp\/v2\/product\/11405"}],"collection":[{"href":"https:\/\/www.saldac.ch\/de\/wp-json\/wp\/v2\/product"}],"about":[{"href":"https:\/\/www.saldac.ch\/de\/wp-json\/wp\/v2\/types\/product"}],"wp:featuredmedia":[{"embeddable":true,"href":"https:\/\/www.saldac.ch\/de\/wp-json\/wp\/v2\/media\/10941"}],"wp:attachment":[{"href":"https:\/\/www.saldac.ch\/de\/wp-json\/wp\/v2\/media?parent=11405"}],"wp:term":[{"taxonomy":"product_cat","embeddable":true,"href":"https:\/\/www.saldac.ch\/de\/wp-json\/wp\/v2\/product_cat?post=11405"},{"taxonomy":"product_tag","embeddable":true,"href":"https:\/\/www.saldac.ch\/de\/wp-json\/wp\/v2\/product_tag?post=11405"}],"curies":[{"name":"wp","href":"https:\/\/api.w.org\/{rel}","templated":true}]}}