{"id":11407,"date":"2023-11-30T12:56:12","date_gmt":"2023-11-30T11:56:12","guid":{"rendered":"https:\/\/www.saldac.ch\/produit\/orangettes-ballotins-confiseries-au-chocolat-bio-150gr\/"},"modified":"2026-04-13T19:50:10","modified_gmt":"2026-04-13T17:50:10","slug":"orangettes-chocolat-bio-150g","status":"publish","type":"product","link":"https:\/\/www.saldac.ch\/de\/produkt\/orangettes-chocolat-bio-150g\/","title":{"rendered":"Orangettes, Ballotins, Schokoladenkonfekt, Bio, 150 g"},"content":{"rendered":"<h2>Orangettes Bio-Zartbitterschokolade: eine unwiderstehliche K\u00f6stlichkeit<\/h2>\n<p>Feine Streifen kandierter Orange, umh\u00fcllt mit intensiver Zartbitterschokolade mit 63 % Kakao: eine raffinierte Verbindung, die die ganze Subtilit\u00e4t der Zitrusfrucht und die Tiefe des Kakaos offenbart. Handwerklich hergestellt aus Zutaten aus fairem Handel und biologischem Anbau, genie\u00dfen sich diese Orangettes als wahrer Gourmet-Genuss. Ideal zu einem Kaffee, als Geschenkbox oder einfach f\u00fcr einen zarten Genussmoment.<\/p>\n<h2>Erleben Sie eine einzigartige Bio-Delikatesse<\/h2>\n<p class=\"translation-block\">Jede Orangette vereint die <strong>fruchtige Frische kandierter Orangenschalen<\/strong> mit der aromatischen Intensit\u00e4t einer Criollo-Grand-Cru-Schokolade, angebaut von der Kooperative Pangoa in Peru. Der in der Rezeptur verwendete Vollrohrzucker verleiht eine nat\u00fcrliche S\u00fc\u00dfe und bewahrt das Gleichgewicht der Aromen. Ohne Lecithin, ohne Kompromisse \u2013 dieses Produkt unterstreicht die Authentizit\u00e4t und Qualit\u00e4t handwerklicher Herstellung.<\/p>\n<h3>Bienfaits de nos orangettes<\/h3>\n<p>Ein perfektes Gleichgewicht zwischen S\u00fc\u00dfe und Bitterkeit, zugleich eine zartschmelzende und knackige Textur, sowie ein Geschmackserlebnis, das sich deutlich von klassischen S\u00fc\u00dfwaren abhebt. Diese Orangettes sind sowohl eine Leckerei als auch ein raffiniertes Geschenk \u2013 zum Teilen oder zum alleinigen Genuss.<\/p>\n<h3>Was dieses Produkt auszeichnet<\/h3>\n<p class=\"translation-block\">Hergestellt aus <strong>reiner Criollo-Schokolade<\/strong>, stammen sie aus einer Produktionskette, die die Produzenten respektiert und fair gehandelt ist. Jeder Herstellungsschritt ist darauf ausgerichtet, den nat\u00fcrlichen Geschmack der Zutaten zu veredeln \u2013 vom Kandieren der aromatischen Orangen bis zur feinen Ummantelung mit Bean-to-Bar-Schokolade.<\/p>\n<h3>Eigenschaften und Zusammensetzung<\/h3>\n<ul>\n<li style=\"list-style-type: none;\">\n<ul>\n<li style=\"list-style-type: none;\">\n<ul>\n<li>Energie 412 kcal (1 728 kJ)<\/li>\n<li>Kohlenhydrate 62,7 g (davon Zucker 55,2 g)<\/li>\n<li>Fette 15,6 g (davon ges\u00e4ttigte Fetts\u00e4uren 9,1 g)<\/li>\n<li>Eiwei\u00df 2,9 g, Salz 0,04 g.<\/li>\n<li>52 % Schokoladen\u00fcberzug (Kakaobohnen, Panela, Kakaobutter) und 48 % kandierte Orange (Orangenschale und Rohrzucker).<\/li>\n<\/ul>\n<\/li>\n<\/ul>\n<\/li>\n<\/ul>\n<h3>Welche Zutaten enthalten die Bio-Orangettes mit Zartbitterschokolade?<\/h3>\n<p>Sie enthalten kandierte Orangenschalen mit Vollrohrzucker sowie eine Ummantelung aus 63 % Zartbitterschokolade (Kakaobohnen, Panela, Kakaobutter). Alle Zutaten stammen aus biologischem Anbau und fairem Handel.<\/p>\n<h3>Wie werden sie hergestellt?<\/h3>\n<p>Die aromatischen Orangen werden in Peru kandiert und anschlie\u00dfend in einer franz\u00f6sischen Manufaktur mit Criollo-Schokolade \u00fcberzogen. Jeder Schritt legt Wert auf Qualit\u00e4t und die Achtung traditioneller Methoden \u2013 ganz ohne Lecithin.<\/p>\n<h3>Wie lange ist die Haltbarkeit der Orangettes?<\/h3>\n<p>Bewahren Sie sie an einem k\u00fchlen, trockenen Ort, gesch\u00fctzt vor Licht, auf. Unter diesen Bedingungen behalten sie mehrere Monate lang ihren vollen Geschmack. Es wird jedoch empfohlen, sie bald zu genie\u00dfen, um ihre Frische und ihr ausgewogenes Aroma voll auszukosten.<\/p>","protected":false},"excerpt":{"rendered":"<p>Sehr aromatische Orangensorten, umh\u00fcllt mit 63 % Zartbitterschokolade<\/p>","protected":false},"featured_media":16107,"template":"","meta":{"inline_featured_image":false},"product_cat":[572],"product_tag":[108,107,116,60,117],"_links":{"self":[{"href":"https:\/\/www.saldac.ch\/de\/wp-json\/wp\/v2\/product\/11407"}],"collection":[{"href":"https:\/\/www.saldac.ch\/de\/wp-json\/wp\/v2\/product"}],"about":[{"href":"https:\/\/www.saldac.ch\/de\/wp-json\/wp\/v2\/types\/product"}],"wp:featuredmedia":[{"embeddable":true,"href":"https:\/\/www.saldac.ch\/de\/wp-json\/wp\/v2\/media\/16107"}],"wp:attachment":[{"href":"https:\/\/www.saldac.ch\/de\/wp-json\/wp\/v2\/media?parent=11407"}],"wp:term":[{"taxonomy":"product_cat","embeddable":true,"href":"https:\/\/www.saldac.ch\/de\/wp-json\/wp\/v2\/product_cat?post=11407"},{"taxonomy":"product_tag","embeddable":true,"href":"https:\/\/www.saldac.ch\/de\/wp-json\/wp\/v2\/product_tag?post=11407"}],"curies":[{"name":"wp","href":"https:\/\/api.w.org\/{rel}","templated":true}]}}