{"id":11415,"date":"2023-11-30T12:56:13","date_gmt":"2023-11-30T11:56:13","guid":{"rendered":"https:\/\/www.saldac.ch\/produit\/chocolat-noir-cru-75-en-gouttes-bio-vrac-2kg\/"},"modified":"2026-05-06T08:39:20","modified_gmt":"2026-05-06T06:39:20","slug":"chocolat-noir-cru-75-en-gouttes-bio-vrac-2kg","status":"publish","type":"product","link":"https:\/\/www.saldac.ch\/de\/produkt\/chocolat-noir-cru-75-en-gouttes-bio-vrac-2kg\/","title":{"rendered":"Unger\u00f6stete dunkle Schokolade 75 %, in Tropfen, bio, lose, 2 kg"},"content":{"rendered":"<p><strong>2 kg Beutel mit unger\u00f6steter dunkler Schokolade, 75 % Kakaoanteil<\/strong>, sous forme de pistoles d\u2019environ 5 g, f\u00e8ves de la Coop. Pangoa P\u00e9rou, sucre de canne complet du P\u00e9rou (panela), biologique. Ce chocolat est torr\u00e9fi\u00e9 \u00e0 moins de 45 \u00b0C, il conserve donc encore mieux ses vitamines et min\u00e9raux (magn\u00e9sium, fer). Pure origine Criollo, tr\u00e8s parfum\u00e9, se rapproche du go\u00fbt de la f\u00e8ve, notes florales, d\u2019agrumes et de cerises. Facile \u00e0 doser.<\/p>\n<p class=\"translation-block\"><strong>Zutaten<\/strong>: Kakaobohnen, Panela, Kakaobutter<\/p>\n<p><strong>N\u00e4hrwerteigenschaften <\/strong>(Durchschnittswerte pro 100 g)<\/p>\n<p>Kohlenhydrate: 41,4 g (davon Zucker 23,8 g)\nFett: 46,4 g (davon ges\u00e4ttigte Fetts\u00e4uren 27,2 g)\nEiwei\u00df: 9 g\nSalz: 0,04 g\nEnergie: 619 kcal \/ 2 574 kJ\nMagnesium: 173 mg\nEisen: 2,3 mg<\/p>\n<p><strong>Unsere Schokoladenreihe ist fair gehandelt zertifiziert durch das System SPP \u201eSimbolo de los Peque\u00f1os Productores\u201c, ein Label, das endlich den Produzenten geh\u00f6rt: www.spp.coop<\/strong><\/p>","protected":false},"excerpt":{"rendered":"<p class=\"translation-block\"><strong>unger\u00f6stete dunkle Schokolade mit 75 % Kakaoanteil<\/strong>, in Form von etwa 5 g schweren St\u00fcckchen<\/p>","protected":false},"featured_media":5384,"template":"","meta":{"inline_featured_image":false},"product_cat":[572],"product_tag":[108,60,62],"_links":{"self":[{"href":"https:\/\/www.saldac.ch\/de\/wp-json\/wp\/v2\/product\/11415"}],"collection":[{"href":"https:\/\/www.saldac.ch\/de\/wp-json\/wp\/v2\/product"}],"about":[{"href":"https:\/\/www.saldac.ch\/de\/wp-json\/wp\/v2\/types\/product"}],"wp:featuredmedia":[{"embeddable":true,"href":"https:\/\/www.saldac.ch\/de\/wp-json\/wp\/v2\/media\/5384"}],"wp:attachment":[{"href":"https:\/\/www.saldac.ch\/de\/wp-json\/wp\/v2\/media?parent=11415"}],"wp:term":[{"taxonomy":"product_cat","embeddable":true,"href":"https:\/\/www.saldac.ch\/de\/wp-json\/wp\/v2\/product_cat?post=11415"},{"taxonomy":"product_tag","embeddable":true,"href":"https:\/\/www.saldac.ch\/de\/wp-json\/wp\/v2\/product_tag?post=11415"}],"curies":[{"name":"wp","href":"https:\/\/api.w.org\/{rel}","templated":true}]}}