{"id":1142,"date":"2023-01-20T11:08:17","date_gmt":"2023-01-20T10:08:17","guid":{"rendered":"https:\/\/www.saldac.ch\/?post_type=product&#038;p=1142"},"modified":"2026-05-01T17:13:58","modified_gmt":"2026-05-01T15:13:58","slug":"chocolats-dietetiques","status":"publish","type":"product","link":"https:\/\/www.saldac.ch\/de\/produkt\/chocolats-dietetiques\/","title":{"rendered":"\u201eDi\u00e4t\u201c-Schokoladen, ges\u00fc\u00dft mit Xylit oder Agave"},"content":{"rendered":"<p>Einzigartige Spezialit\u00e4ten, angeboten von SALDAC \u00fcber die Linie El Inti oder die Linien PJ Nature.<\/p>\n<p>Ges\u00fc\u00dft mit Xylit oder Agave.<\/p>\n<p><strong>Reine Criollo-Herkunft<\/strong><\/p>\n<p><strong>Unsere Schokoladenreihe ist fair gehandelt und zertifiziert durch das SPP-System \u201eS\u00edmbolo de los Peque\u00f1os Productores\u201c \u2013 ein Label, das endlich den Produzenten geh\u00f6rt: www.spp.coop<\/strong><\/p>","protected":false},"excerpt":{"rendered":"<p>Des sp\u00e9cialit\u00e9s uniques propos\u00e9es par SALDAC via la gamme El Inti ou les gammes PJ Nature. Sucr\u00e9 au xylithol ou \u00e0 l&rsquo;agave. Pure origine Criollo Notre gamme de\u00a0chocolats est certifi\u00e9e commerce \u00e9quitable par le syst\u00e8me SPP \u201cSimbolo de los Pequenos Productores\u201d, un label qui appartient enfin aux producteurs : www.spp.coop<\/p>","protected":false},"featured_media":10931,"template":"","meta":{"inline_featured_image":false},"product_cat":[572],"product_tag":[115,108,107,102,62,61,114,86],"_links":{"self":[{"href":"https:\/\/www.saldac.ch\/de\/wp-json\/wp\/v2\/product\/1142"}],"collection":[{"href":"https:\/\/www.saldac.ch\/de\/wp-json\/wp\/v2\/product"}],"about":[{"href":"https:\/\/www.saldac.ch\/de\/wp-json\/wp\/v2\/types\/product"}],"wp:featuredmedia":[{"embeddable":true,"href":"https:\/\/www.saldac.ch\/de\/wp-json\/wp\/v2\/media\/10931"}],"wp:attachment":[{"href":"https:\/\/www.saldac.ch\/de\/wp-json\/wp\/v2\/media?parent=1142"}],"wp:term":[{"taxonomy":"product_cat","embeddable":true,"href":"https:\/\/www.saldac.ch\/de\/wp-json\/wp\/v2\/product_cat?post=1142"},{"taxonomy":"product_tag","embeddable":true,"href":"https:\/\/www.saldac.ch\/de\/wp-json\/wp\/v2\/product_tag?post=1142"}],"curies":[{"name":"wp","href":"https:\/\/api.w.org\/{rel}","templated":true}]}}