{"id":11432,"date":"2023-11-30T13:06:50","date_gmt":"2023-11-30T12:06:50","guid":{"rendered":"https:\/\/www.saldac.ch\/?post_type=product&#038;p=11432"},"modified":"2025-02-14T09:25:30","modified_gmt":"2025-02-14T08:25:30","slug":"ballotins-confiseries-au-chocolat-vrac","status":"publish","type":"product","link":"https:\/\/www.saldac.ch\/de\/produkt\/ballotins-confiseries-au-chocolat-vrac\/","title":{"rendered":"Schokoladenkonfekt, BULK"},"content":{"rendered":"<p>Mit Passionsfrucht, Ingwer, kandierten Orangenschalen oder anderem: Unsere Auswahl an Pralinenschachteln wird alle Naschkatzen begeistern und die besten Tassen Kaffee begleiten.<\/p>\n<p class=\"translation-block\">Die Schokolade der Pralinenschachteln und Napolitains El Inti wird aus den Bohnen der Kooperative Pangoa hergestellt, die in der Provinz Satipo am Beginn der <b>gro\u00dfen Amazonas-Ebene Perus<\/b> liegt. Au\u00dferdem wird dank der Herkunft der Bohnen aus ein und demselben Terroir sowie den hohen Anforderungen an die Auswahl von der Ernte bis zur Trocknung die Schokolade El Inti zu <b>einer Grand-Cru-Schokolade.<\/b><\/p>\n<p><strong>Unsere Schokoladenreihe ist fair gehandelt zertifiziert durch das System SPP \u201eSimbolo de los Peque\u00f1os Productores\u201c, ein Label, das endlich den Produzenten geh\u00f6rt: www.spp.coop<\/strong><\/p>","protected":false},"excerpt":{"rendered":"<p>\u00c0 la passion, au gingembre, aux \u00e9corces d&rsquo;oranges confites ou autres: notre s\u00e9lection de ballotins saura satisfaire tous les gourmands et accompagner les meilleures tasses de caf\u00e9. Le chocolat des ballotins et napolitains El Inti est fabriqu\u00e9 avec les f\u00e8ves de la coop\u00e9rative Pangoa, situ\u00e9e dans la province de Satipo, au d\u00e9but de la grande [&#8230;]\n","protected":false},"featured_media":11433,"template":"","meta":{"inline_featured_image":false},"product_cat":[572],"product_tag":[108,107,116,60,62,117,98],"_links":{"self":[{"href":"https:\/\/www.saldac.ch\/de\/wp-json\/wp\/v2\/product\/11432"}],"collection":[{"href":"https:\/\/www.saldac.ch\/de\/wp-json\/wp\/v2\/product"}],"about":[{"href":"https:\/\/www.saldac.ch\/de\/wp-json\/wp\/v2\/types\/product"}],"wp:featuredmedia":[{"embeddable":true,"href":"https:\/\/www.saldac.ch\/de\/wp-json\/wp\/v2\/media\/11433"}],"wp:attachment":[{"href":"https:\/\/www.saldac.ch\/de\/wp-json\/wp\/v2\/media?parent=11432"}],"wp:term":[{"taxonomy":"product_cat","embeddable":true,"href":"https:\/\/www.saldac.ch\/de\/wp-json\/wp\/v2\/product_cat?post=11432"},{"taxonomy":"product_tag","embeddable":true,"href":"https:\/\/www.saldac.ch\/de\/wp-json\/wp\/v2\/product_tag?post=11432"}],"curies":[{"name":"wp","href":"https:\/\/api.w.org\/{rel}","templated":true}]}}