{"id":11452,"date":"2023-12-05T11:10:15","date_gmt":"2023-12-05T10:10:15","guid":{"rendered":"https:\/\/www.saldac.ch\/produit\/flocon-de-quinoa-bio-equitable\/"},"modified":"2026-03-24T14:13:55","modified_gmt":"2026-03-24T13:13:55","slug":"flocon-de-quinoa-bio-equitable","status":"publish","type":"product","link":"https:\/\/www.saldac.ch\/de\/produkt\/flocon-de-quinoa-bio-equitable\/","title":{"rendered":"Quinoa-Flocken, bio, fairtrade"},"content":{"rendered":"<p class=\"translation-block\"><strong>Biologische Quinoa-Flocken<\/strong>. Ideal f\u00fcr alle Arten von Geb\u00e4ck oder Brot (50 % Quinoa-Flocken mit anderen Mehlen nach Wahl mischen). Sehr gut zum Andicken von Suppen \u2013 2 bis 3 L\u00f6ffel pro Person, 5 Minuten vor Ende der Kochzeit zugeben.<\/p>\n<p class=\"translation-block\"><strong>Zutaten<\/strong>: Quinoa-Flocken<\/p>\n<p><strong>N\u00e4hrwerteigenschaften <\/strong>(Durchschnittswerte pro 100 g)<\/p>\n<p>Kohlenhydrate: 67,9 g (davon Zucker 2,4 g) Fett: 7,2 g (davon ges\u00e4ttigte Fetts\u00e4uren 0,77 g) Eiwei\u00df: 14,9 g Salz: 0,01 g Brennwert: 396 kcal \/ 1 674 kJ<\/p>\n<p><strong>Unser Quinoa-Sortiment ist durch das Fair-Trade-System SPP \u201eS\u00edmbolo de los Peque\u00f1os Productores\u201c zertifiziert \u2013 ein Label, das endlich den Produzenten selbst geh\u00f6rt: www.spp.coop<\/strong><\/p>","protected":false},"excerpt":{"rendered":"<p>Ideal f\u00fcr alle Arten von Geb\u00e4ck. F\u00fcr Brot 50 % Quinoa-Flocken verwenden. Eignet sich auch hervorragend zum Andicken von Suppen und So\u00dfen (5 Minuten vor Ende der Kochzeit hinzuf\u00fcgen).<\/p>","protected":false},"featured_media":714,"template":"","meta":{"inline_featured_image":false},"product_cat":[95],"product_tag":[108,50,98],"_links":{"self":[{"href":"https:\/\/www.saldac.ch\/de\/wp-json\/wp\/v2\/product\/11452"}],"collection":[{"href":"https:\/\/www.saldac.ch\/de\/wp-json\/wp\/v2\/product"}],"about":[{"href":"https:\/\/www.saldac.ch\/de\/wp-json\/wp\/v2\/types\/product"}],"wp:featuredmedia":[{"embeddable":true,"href":"https:\/\/www.saldac.ch\/de\/wp-json\/wp\/v2\/media\/714"}],"wp:attachment":[{"href":"https:\/\/www.saldac.ch\/de\/wp-json\/wp\/v2\/media?parent=11452"}],"wp:term":[{"taxonomy":"product_cat","embeddable":true,"href":"https:\/\/www.saldac.ch\/de\/wp-json\/wp\/v2\/product_cat?post=11452"},{"taxonomy":"product_tag","embeddable":true,"href":"https:\/\/www.saldac.ch\/de\/wp-json\/wp\/v2\/product_tag?post=11452"}],"curies":[{"name":"wp","href":"https:\/\/api.w.org\/{rel}","templated":true}]}}