{"id":11454,"date":"2023-12-05T11:10:18","date_gmt":"2023-12-05T10:10:18","guid":{"rendered":"https:\/\/www.saldac.ch\/produit\/quinoa-blanche-variete-junin-bio-equitable\/"},"modified":"2024-10-01T09:11:11","modified_gmt":"2024-10-01T07:11:11","slug":"quinoa-blanche-variete-junin-bio-equitable","status":"publish","type":"product","link":"https:\/\/www.saldac.ch\/de\/produkt\/quinoa-blanche-variete-junin-bio-equitable\/","title":{"rendered":"Wei\u00dfer Quinoa, Sorte Junin, bio, fairtrade"},"content":{"rendered":"<p class=\"translation-block\"><strong>Biologische wei\u00dfe Quinoasamen.<\/strong> Sorte Junin, kleine K\u00f6rner mit schneller Kochzeit: in kaltes Wasser geben, aufkochen und ca. 10 Minuten k\u00f6cheln lassen. Hervorragend als Beilage zu Gem\u00fcse und Fleisch oder f\u00fcr die Zubereitung von Couscous, Taboul\u00e9 oder Desserts (Flan, Milchgerichte, Obstvarianten\u2026).<\/p>\n<p class=\"translation-block\"><strong>Zutaten<\/strong>: wei\u00dfer Quinoa, Sorte \u00abJunin\u00bb<\/p>\n<p><strong>N\u00e4hrwerteigenschaften <\/strong>(Durchschnittswerte pro 100 g)<\/p>\n<p>Kohlenhydrate: 64,4 g (davon Zucker 2,8 g)\nFett: 6,8 g (davon ges\u00e4ttigte Fetts\u00e4uren 0,71 g)\nEiwei\u00df: 14,7 g\nSalz: 0,21 g\nEnergie: 378 kcal \/ 1 596 kJ<\/p>\n<p><strong>Unser Quinoa-Sortiment ist durch das Fair-Trade-System SPP \u201eS\u00edmbolo de los Peque\u00f1os Productores\u201c zertifiziert \u2013 ein Label, das endlich den Produzenten selbst geh\u00f6rt: www.spp.coop<\/strong><\/p>","protected":false},"excerpt":{"rendered":"<p>Sorte Junin, kleine K\u00f6rner mit schneller Kochzeit: in kaltes Wasser geben, aufkochen und ca. 10 Minuten k\u00f6cheln lassen.<\/p>","protected":false},"featured_media":715,"template":"","meta":{"inline_featured_image":false},"product_cat":[95],"product_tag":[108,50,98],"_links":{"self":[{"href":"https:\/\/www.saldac.ch\/de\/wp-json\/wp\/v2\/product\/11454"}],"collection":[{"href":"https:\/\/www.saldac.ch\/de\/wp-json\/wp\/v2\/product"}],"about":[{"href":"https:\/\/www.saldac.ch\/de\/wp-json\/wp\/v2\/types\/product"}],"wp:featuredmedia":[{"embeddable":true,"href":"https:\/\/www.saldac.ch\/de\/wp-json\/wp\/v2\/media\/715"}],"wp:attachment":[{"href":"https:\/\/www.saldac.ch\/de\/wp-json\/wp\/v2\/media?parent=11454"}],"wp:term":[{"taxonomy":"product_cat","embeddable":true,"href":"https:\/\/www.saldac.ch\/de\/wp-json\/wp\/v2\/product_cat?post=11454"},{"taxonomy":"product_tag","embeddable":true,"href":"https:\/\/www.saldac.ch\/de\/wp-json\/wp\/v2\/product_tag?post=11454"}],"curies":[{"name":"wp","href":"https:\/\/api.w.org\/{rel}","templated":true}]}}