{"id":11457,"date":"2023-12-05T11:10:22","date_gmt":"2023-12-05T10:10:22","guid":{"rendered":"https:\/\/www.saldac.ch\/produit\/amarante-en-graines-bio-equitable\/"},"modified":"2024-10-01T09:11:12","modified_gmt":"2024-10-01T07:11:12","slug":"amarante-en-graines-bio-equitable","status":"publish","type":"product","link":"https:\/\/www.saldac.ch\/de\/produkt\/amarante-en-graines-bio-equitable\/","title":{"rendered":"Amaranthsamen, bio, fairtrade"},"content":{"rendered":"<p class=\"translation-block\"><strong>Biologische Amaranthsamen<\/strong>. Ideal als Beilage zu Fisch, zur Zubereitung eines kalten Salats (\u00e4hnlich Taboul\u00e9) oder zum Backen (\u00e4hnlich Grie\u00df- oder Reiskuchen). \u00dcber Nacht einweichen und ca. 20 Minuten kochen.<\/p>\n<p class=\"translation-block\"><strong>Zutaten<\/strong>: Amaranth<\/p>\n<p><strong>N\u00e4hrwerteigenschaften <\/strong>(Durchschnittswerte pro 100 g)<\/p>\n<p>Kohlenhydrate: 63,7 g (davon Zucker 1,2 g)\nFett: 7,2 g (davon ges\u00e4ttigte Fetts\u00e4uren 1,5 g)\nEiwei\u00df: 13,1 g\nSalz: 0,01 g\nEnergie: 372 kcal \/ 1 572 kJ<\/p>\n<p><strong>Unser Amaranth-Sortiment ist durch das Fair-Trade-System SPP \u201eS\u00edmbolo de los Peque\u00f1os Productores\u201c zertifiziert \u2013 ein Label, das endlich den Produzenten selbst geh\u00f6rt: www.spp.coop<\/strong><\/p>","protected":false},"excerpt":{"rendered":"<p>Ideal als Beilage zu Fisch oder als Basis f\u00fcr einen kalten Salat. \u00dcber Nacht einweichen und ca. 20 Minuten kochen.<\/p>","protected":false},"featured_media":0,"template":"","meta":{"inline_featured_image":false},"product_cat":[95],"product_tag":[108,50,98],"_links":{"self":[{"href":"https:\/\/www.saldac.ch\/de\/wp-json\/wp\/v2\/product\/11457"}],"collection":[{"href":"https:\/\/www.saldac.ch\/de\/wp-json\/wp\/v2\/product"}],"about":[{"href":"https:\/\/www.saldac.ch\/de\/wp-json\/wp\/v2\/types\/product"}],"wp:attachment":[{"href":"https:\/\/www.saldac.ch\/de\/wp-json\/wp\/v2\/media?parent=11457"}],"wp:term":[{"taxonomy":"product_cat","embeddable":true,"href":"https:\/\/www.saldac.ch\/de\/wp-json\/wp\/v2\/product_cat?post=11457"},{"taxonomy":"product_tag","embeddable":true,"href":"https:\/\/www.saldac.ch\/de\/wp-json\/wp\/v2\/product_tag?post=11457"}],"curies":[{"name":"wp","href":"https:\/\/api.w.org\/{rel}","templated":true}]}}