{"id":11461,"date":"2023-12-05T11:10:32","date_gmt":"2023-12-05T10:10:32","guid":{"rendered":"https:\/\/www.saldac.ch\/produit\/lucuma-en-poudre-bio-equitable\/"},"modified":"2024-10-01T09:11:13","modified_gmt":"2024-10-01T07:11:13","slug":"lucuma-en-poudre-bio-equitable","status":"publish","type":"product","link":"https:\/\/www.saldac.ch\/de\/produkt\/lucuma-en-poudre-bio-equitable\/","title":{"rendered":"L\u00facuma-Pulver, bio, fairtrade"},"content":{"rendered":"<div class=\"woocommerce-product-details__short-description\">\n<p class=\"translation-block\"><strong>Rohes, getrocknetes L\u00facuma, gemahlen.<\/strong> Ideal zur Zubereitung von Desserts: Milkshakes, Cheesecakes, Eiscreme, zum Einr\u00fchren in Kuchen, Milch, Joghurt oder M\u00fcsli. Wirkt als Emulgator, mit einem einzigartigen, aromatischen Geschmack, und harmoniert wunderbar mit Kakao oder Schokolade. Reich an Eisen, Kalzium, Magnesium und Phosphor.<\/p>\n<p class=\"translation-block\"><strong>Zutaten<\/strong>: Lucuma-Pulver<\/p>\n<p><strong>N\u00e4hrwerteigenschaften <\/strong>(Durchschnittswerte pro 100 g)<\/p>\n<p>Kohlenhydrate: 61,9 g (davon Zucker 24,8 g) Fett: 1,2 g (davon ges\u00e4ttigte Fetts\u00e4uren 0,15 g) Eiwei\u00df: 9 g Salz: 0,05 g Brennwert: 358 kcal \/ 1 522 kJ Kalzium: 92 mg Phosphor: 188 mg Eisen: 4,6 g<\/p>\n<\/div>","protected":false},"excerpt":{"rendered":"<p class=\"translation-block\"><strong>Rohes, getrocknetes L\u00facuma, gemahlen.<\/strong> Hervorragend zur Zubereitung von Desserts: Milkshakes, Cheesecakes, Eiscreme oder zum Einbacken in Kuchen. Wirkt als Emulgator, sehr aromatisch, passt perfekt zu Kakao oder Schokolade. Reich an Eisen, Kalzium, Magnesium und Phosphor.<\/p>","protected":false},"featured_media":5262,"template":"","meta":{"inline_featured_image":false},"product_cat":[95],"product_tag":[108,50,98],"_links":{"self":[{"href":"https:\/\/www.saldac.ch\/de\/wp-json\/wp\/v2\/product\/11461"}],"collection":[{"href":"https:\/\/www.saldac.ch\/de\/wp-json\/wp\/v2\/product"}],"about":[{"href":"https:\/\/www.saldac.ch\/de\/wp-json\/wp\/v2\/types\/product"}],"wp:featuredmedia":[{"embeddable":true,"href":"https:\/\/www.saldac.ch\/de\/wp-json\/wp\/v2\/media\/5262"}],"wp:attachment":[{"href":"https:\/\/www.saldac.ch\/de\/wp-json\/wp\/v2\/media?parent=11461"}],"wp:term":[{"taxonomy":"product_cat","embeddable":true,"href":"https:\/\/www.saldac.ch\/de\/wp-json\/wp\/v2\/product_cat?post=11461"},{"taxonomy":"product_tag","embeddable":true,"href":"https:\/\/www.saldac.ch\/de\/wp-json\/wp\/v2\/product_tag?post=11461"}],"curies":[{"name":"wp","href":"https:\/\/api.w.org\/{rel}","templated":true}]}}