{"id":11462,"date":"2023-12-05T11:10:33","date_gmt":"2023-12-05T10:10:33","guid":{"rendered":"https:\/\/www.saldac.ch\/produit\/caroube-en-poudre-bio-equitable\/"},"modified":"2024-10-01T09:11:14","modified_gmt":"2024-10-01T07:11:14","slug":"caroube-en-poudre-bio-equitable","status":"publish","type":"product","link":"https:\/\/www.saldac.ch\/de\/produkt\/caroube-en-poudre-bio-equitable\/","title":{"rendered":"Johannisbrotpulver, bio, fairtrade"},"content":{"rendered":"<div class=\"woocommerce-product-details__short-description\">\n<p class=\"translation-block\"><strong>Getrocknetes Johannisbrot aus Peru, gemahlen, im 250-g-Beutel.<\/strong> Ideal f\u00fcr Milch, Joghurt, M\u00fcsli oder Fruchts\u00e4fte. Verleiht einen angenehmen, intensiven Geschmack, \u00e4hnlich einem kr\u00e4ftigen Honig. Reich an Eisen, Kalzium, Ballaststoffen und Vitaminen.<\/p>\n<p class=\"translation-block\"><strong>Zutaten<\/strong>: rohes Johannisbrotpulver<\/p>\n<p><strong>N\u00e4hrwerteigenschaften <\/strong>(Durchschnittswerte pro 100 g)<\/p>\n<p>Kohlenhydrate: 78,5 g (davon Zucker 30 g)\nFett: 1,5 g (davon ges\u00e4ttigte Fetts\u00e4uren 0,33 g)\nEiwei\u00df: 10,3 g\nSalz: 0,2 g\nEnergie: 369 kcal \/ 1 565 kJ\nKalzium: 171 mg\nMagnesium: 110 mg\nPhosphor: 179 mg\nEisen: 7,1 mg<\/p>\n<\/div>","protected":false},"excerpt":{"rendered":"<p class=\"translation-block\"><strong>Rohes, getrocknetes Johannisbrot, gemahlen<\/strong><strong>.<\/strong> Hervorragend in Joghurt, M\u00fcsli oder Fruchts\u00e4ften. Verleiht einen angenehmen, aromatischen Geschmack, \u00e4hnlich einem kr\u00e4ftigen Honig. Reich an Eisen, Kalzium, Ballaststoffen und Vitaminen.<\/p>","protected":false},"featured_media":5322,"template":"","meta":{"inline_featured_image":false},"product_cat":[95],"product_tag":[108,50,98],"_links":{"self":[{"href":"https:\/\/www.saldac.ch\/de\/wp-json\/wp\/v2\/product\/11462"}],"collection":[{"href":"https:\/\/www.saldac.ch\/de\/wp-json\/wp\/v2\/product"}],"about":[{"href":"https:\/\/www.saldac.ch\/de\/wp-json\/wp\/v2\/types\/product"}],"wp:featuredmedia":[{"embeddable":true,"href":"https:\/\/www.saldac.ch\/de\/wp-json\/wp\/v2\/media\/5322"}],"wp:attachment":[{"href":"https:\/\/www.saldac.ch\/de\/wp-json\/wp\/v2\/media?parent=11462"}],"wp:term":[{"taxonomy":"product_cat","embeddable":true,"href":"https:\/\/www.saldac.ch\/de\/wp-json\/wp\/v2\/product_cat?post=11462"},{"taxonomy":"product_tag","embeddable":true,"href":"https:\/\/www.saldac.ch\/de\/wp-json\/wp\/v2\/product_tag?post=11462"}],"curies":[{"name":"wp","href":"https:\/\/api.w.org\/{rel}","templated":true}]}}