{"id":11464,"date":"2023-12-05T11:10:34","date_gmt":"2023-12-05T10:10:34","guid":{"rendered":"https:\/\/www.saldac.ch\/produit\/quinoa-soufflee-bio-equitable\/"},"modified":"2024-10-01T09:11:14","modified_gmt":"2024-10-01T07:11:14","slug":"quinoa-soufflee-bio-equitable","status":"publish","type":"product","link":"https:\/\/www.saldac.ch\/de\/produkt\/quinoa-soufflee-bio-equitable\/","title":{"rendered":"Gepuffter Quinoa, bio, fairtrade"},"content":{"rendered":"<p><strong>Bio gepuffter Quinoa<\/strong>.<\/p>\n<p class=\"translation-block\"><strong>Ideal zum Fr\u00fchst\u00fcck<\/strong>, zum Verfeinern von M\u00fcslis oder Kakaogetr\u00e4nken, Joghurts, Obstsalaten, Schokoladen- oder Fruchtmousses oder als Dekoration f\u00fcr Geb\u00e4ck.<\/p>\n<p class=\"translation-block\"><strong>Zutaten<\/strong>: gepuffter Quinoa<\/p>\n<p><strong>N\u00e4hrwerteigenschaften <\/strong>(Durchschnittswerte pro 100 g)<\/p>\n<p>Kohlenhydrate: 67,9 g (davon Zucker 1,6 g) Fett: 7,9 g (davon ges\u00e4ttigte Fetts\u00e4uren 1,62 g) Eiwei\u00df: 14 g Salz: 0,01 g Brennwert: 399 kcal \/ 1 685 kJ<\/p>\n<p><strong>Unser Quinoa-Sortiment ist durch das Fair-Trade-System SPP \u201eS\u00edmbolo de los Peque\u00f1os Productores\u201c zertifiziert \u2013 ein Label, das endlich den Produzenten selbst geh\u00f6rt: www.spp.coop<\/strong><\/p>","protected":false},"excerpt":{"rendered":"<p class=\"translation-block\"><strong>Bio gepuffter Quinoa<\/strong>. <strong>Ideal zum Fr\u00fchst\u00fcck<\/strong>, zum Verfeinern von M\u00fcslis oder Kakaogetr\u00e4nken, Joghurt, Obstsalaten, Schokoladen- oder Fruchtmousses sowie als Dekoration f\u00fcr Geb\u00e4ck.<\/p>\n<p><strong>Unser Quinoa-Sortiment ist fair gehandelt und durch das SPP-System \u201cSimbolo de los Peque\u00f1os Productores\u201d zertifiziert.<\/strong><\/p>","protected":false},"featured_media":725,"template":"","meta":{"inline_featured_image":false},"product_cat":[95],"product_tag":[108,50,98],"_links":{"self":[{"href":"https:\/\/www.saldac.ch\/de\/wp-json\/wp\/v2\/product\/11464"}],"collection":[{"href":"https:\/\/www.saldac.ch\/de\/wp-json\/wp\/v2\/product"}],"about":[{"href":"https:\/\/www.saldac.ch\/de\/wp-json\/wp\/v2\/types\/product"}],"wp:featuredmedia":[{"embeddable":true,"href":"https:\/\/www.saldac.ch\/de\/wp-json\/wp\/v2\/media\/725"}],"wp:attachment":[{"href":"https:\/\/www.saldac.ch\/de\/wp-json\/wp\/v2\/media?parent=11464"}],"wp:term":[{"taxonomy":"product_cat","embeddable":true,"href":"https:\/\/www.saldac.ch\/de\/wp-json\/wp\/v2\/product_cat?post=11464"},{"taxonomy":"product_tag","embeddable":true,"href":"https:\/\/www.saldac.ch\/de\/wp-json\/wp\/v2\/product_tag?post=11464"}],"curies":[{"name":"wp","href":"https:\/\/api.w.org\/{rel}","templated":true}]}}