{"id":11470,"date":"2023-12-05T11:10:43","date_gmt":"2023-12-05T10:10:43","guid":{"rendered":"https:\/\/www.saldac.ch\/produit\/quinoa-noire-variete-coito-425gr-bio-equitable\/"},"modified":"2026-05-01T10:26:45","modified_gmt":"2026-05-01T08:26:45","slug":"quinoa-noire-variete-coito-425gr-bio-equitable","status":"publish","type":"product","link":"https:\/\/www.saldac.ch\/de\/produkt\/quinoa-noire-variete-coito-425gr-bio-equitable\/","title":{"rendered":"Schwarzer Quinoa, Sorte \u00abCoito\u00bb, 425 g, bio, fairtrade"},"content":{"rendered":"<p class=\"translation-block\"><strong>Biologische schwarze Quinoasamen<\/strong>. K\u00f6rner mit dickerer Schale, besonders knackig. Kochanleitung: in kaltes Wasser geben, aufkochen und ca. 12 Minuten k\u00f6cheln lassen. Hervorragend geeignet als Beilage zu Gem\u00fcse und Fleisch oder f\u00fcr die Zubereitung von Couscous, Taboul\u00e9 oder Desserts (Flan, Milchgerichte, Obstvarianten\u2026).<\/p>\n<p class=\"translation-block\"><strong>Zutaten<\/strong>: schwarzer Quinoa<\/p>\n<p><strong>N\u00e4hrwerteigenschaften <\/strong>(Durchschnittswerte pro 100 g)<\/p>\n<p>Kohlenhydrate: 67,1 g (davon Zucker 2,3 g)\nFett: 5,9 g (davon ges\u00e4ttigte Fetts\u00e4uren 0,55 g)\nEiwei\u00df: 12,4 g\nSalz: 0,01 g\nEnergie: 371 kcal \/ 1 570 kJ<\/p>\n<p><strong>Unser Quinoa-Sortiment ist durch das Fair-Trade-System SPP \u201eS\u00edmbolo de los Peque\u00f1os Productores\u201c zertifiziert \u2013 ein Label, das endlich den Produzenten selbst geh\u00f6rt: www.spp.coop<\/strong>.<\/p>","protected":false},"excerpt":{"rendered":"<p>K\u00f6rner mit dickerer Schale, besonders knackig<\/p>","protected":false},"featured_media":716,"template":"","meta":{"inline_featured_image":false},"product_cat":[95],"product_tag":[108,50],"_links":{"self":[{"href":"https:\/\/www.saldac.ch\/de\/wp-json\/wp\/v2\/product\/11470"}],"collection":[{"href":"https:\/\/www.saldac.ch\/de\/wp-json\/wp\/v2\/product"}],"about":[{"href":"https:\/\/www.saldac.ch\/de\/wp-json\/wp\/v2\/types\/product"}],"wp:featuredmedia":[{"embeddable":true,"href":"https:\/\/www.saldac.ch\/de\/wp-json\/wp\/v2\/media\/716"}],"wp:attachment":[{"href":"https:\/\/www.saldac.ch\/de\/wp-json\/wp\/v2\/media?parent=11470"}],"wp:term":[{"taxonomy":"product_cat","embeddable":true,"href":"https:\/\/www.saldac.ch\/de\/wp-json\/wp\/v2\/product_cat?post=11470"},{"taxonomy":"product_tag","embeddable":true,"href":"https:\/\/www.saldac.ch\/de\/wp-json\/wp\/v2\/product_tag?post=11470"}],"curies":[{"name":"wp","href":"https:\/\/api.w.org\/{rel}","templated":true}]}}