{"id":11473,"date":"2023-12-05T11:10:45","date_gmt":"2023-12-05T10:10:45","guid":{"rendered":"https:\/\/www.saldac.ch\/produit\/quinoa-blanche-variete-junin-425g-bio-equitable\/"},"modified":"2026-04-21T15:59:52","modified_gmt":"2026-04-21T13:59:52","slug":"quinoa-blanche-variete-junin-425g-bio-equitable","status":"publish","type":"product","link":"https:\/\/www.saldac.ch\/de\/produkt\/quinoa-blanche-variete-junin-425g-bio-equitable\/","title":{"rendered":"Wei\u00dfer Quinoa, Sorte Junin, 425 g, bio, fairtrade"},"content":{"rendered":"<p>Biologische Quinoasamen, im 425-g-Beutel.<\/p>\n<p>Sorte Junin, kleine K\u00f6rner mit schneller Kochzeit: in kaltes Wasser geben, aufkochen und etwa 10 Minuten k\u00f6cheln lassen.<\/p>\n<p>Hervorragend als Beilage zu Gem\u00fcse und Fleisch oder f\u00fcr die Zubereitung von Couscous, Taboul\u00e9 oder Desserts (Flan, Milchgerichte, Obstvarianten\u2026).<\/p>\n<p>Zutaten: Quinoa<\/p>\n<p>N\u00e4hrwertangaben (durchschnittliche Werte pro 100 g)<\/p>\n<p>Kohlenhydrate: 64,4 g (davon Zucker 2,8 g)\nFett: 6,8 g (davon ges\u00e4ttigte Fetts\u00e4uren 0,71 g)\nEiwei\u00df: 14,7 g\nSalz: 0,21 g<\/p>\n<p>Energie: 378 kcal \/ 1 596 kJ<\/p>","protected":false},"excerpt":{"rendered":"<p>Sorte Junin, kleine K\u00f6rner mit schneller Kochzeit<\/p>","protected":false},"featured_media":715,"template":"","meta":{"inline_featured_image":false},"product_cat":[95],"product_tag":[108,50],"_links":{"self":[{"href":"https:\/\/www.saldac.ch\/de\/wp-json\/wp\/v2\/product\/11473"}],"collection":[{"href":"https:\/\/www.saldac.ch\/de\/wp-json\/wp\/v2\/product"}],"about":[{"href":"https:\/\/www.saldac.ch\/de\/wp-json\/wp\/v2\/types\/product"}],"wp:featuredmedia":[{"embeddable":true,"href":"https:\/\/www.saldac.ch\/de\/wp-json\/wp\/v2\/media\/715"}],"wp:attachment":[{"href":"https:\/\/www.saldac.ch\/de\/wp-json\/wp\/v2\/media?parent=11473"}],"wp:term":[{"taxonomy":"product_cat","embeddable":true,"href":"https:\/\/www.saldac.ch\/de\/wp-json\/wp\/v2\/product_cat?post=11473"},{"taxonomy":"product_tag","embeddable":true,"href":"https:\/\/www.saldac.ch\/de\/wp-json\/wp\/v2\/product_tag?post=11473"}],"curies":[{"name":"wp","href":"https:\/\/api.w.org\/{rel}","templated":true}]}}