{"id":11484,"date":"2023-12-05T11:10:50","date_gmt":"2023-12-05T10:10:50","guid":{"rendered":"https:\/\/www.saldac.ch\/produit\/amarante-en-graines-5kg-bio-equitable\/"},"modified":"2025-09-23T13:22:50","modified_gmt":"2025-09-23T11:22:50","slug":"amarante-en-graines-5kg-bio-equitable","status":"publish","type":"product","link":"https:\/\/www.saldac.ch\/de\/produkt\/amarante-en-graines-5kg-bio-equitable\/","title":{"rendered":"Amaranthk\u00f6rner, 5 kg, bio, fairtrade"},"content":{"rendered":"<p>5-kg-Sack. Ausschlie\u00dflich auf Vorbestellung verf\u00fcgbar.<\/p>","protected":false},"excerpt":{"rendered":"<p>Nur auf Vorbestellung erh\u00e4ltlich. Lieferzeit nach Absprache.<\/p>","protected":false},"featured_media":726,"template":"","meta":{"inline_featured_image":false},"product_cat":[95],"product_tag":[108,50],"_links":{"self":[{"href":"https:\/\/www.saldac.ch\/de\/wp-json\/wp\/v2\/product\/11484"}],"collection":[{"href":"https:\/\/www.saldac.ch\/de\/wp-json\/wp\/v2\/product"}],"about":[{"href":"https:\/\/www.saldac.ch\/de\/wp-json\/wp\/v2\/types\/product"}],"wp:featuredmedia":[{"embeddable":true,"href":"https:\/\/www.saldac.ch\/de\/wp-json\/wp\/v2\/media\/726"}],"wp:attachment":[{"href":"https:\/\/www.saldac.ch\/de\/wp-json\/wp\/v2\/media?parent=11484"}],"wp:term":[{"taxonomy":"product_cat","embeddable":true,"href":"https:\/\/www.saldac.ch\/de\/wp-json\/wp\/v2\/product_cat?post=11484"},{"taxonomy":"product_tag","embeddable":true,"href":"https:\/\/www.saldac.ch\/de\/wp-json\/wp\/v2\/product_tag?post=11484"}],"curies":[{"name":"wp","href":"https:\/\/api.w.org\/{rel}","templated":true}]}}