{"id":11485,"date":"2023-12-05T11:10:50","date_gmt":"2023-12-05T10:10:50","guid":{"rendered":"https:\/\/www.saldac.ch\/produit\/farine-damarante-500gr-bio-equitable\/"},"modified":"2026-05-01T15:12:25","modified_gmt":"2026-05-01T13:12:25","slug":"farine-damarante-500gr-bio-equitable","status":"publish","type":"product","link":"https:\/\/www.saldac.ch\/de\/produkt\/farine-damarante-500gr-bio-equitable\/","title":{"rendered":"Amarantmehl, 500 g, bio, fairtrade"},"content":{"rendered":"<p>Biologisches Amarantmehl. Ideal zum Cr\u00eapesbacken (60 % mit anderen Mehlen nach Wahl mischen) oder f\u00fcr Geb\u00e4ck und Brot (maximal 60 %). F\u00fcr Schokoladenkuchen kann man 100 % Amarantmehl verwenden \u2013 der Teig geht weniger auf, da weder Sauerteig noch Gluten enthalten sind.<\/p>\n<p><strong>Unser Amaranth-Sortiment ist durch das Fair-Trade-System SPP \u201eS\u00edmbolo de los Peque\u00f1os Productores\u201c zertifiziert \u2013 ein Label, das endlich den Produzenten selbst geh\u00f6rt: www.spp.coop<\/strong><\/p>","protected":false},"excerpt":{"rendered":"<p>dluo:04.2026<\/p>\n<p>Ideal zum Cr\u00eapesbacken (60 % mit anderen Mehlen nach Wahl mischen) oder f\u00fcr Geb\u00e4ck und Brot (maximal 60 %).<\/p>","protected":false},"featured_media":10661,"template":"","meta":{"inline_featured_image":false},"product_cat":[95],"product_tag":[108,50],"_links":{"self":[{"href":"https:\/\/www.saldac.ch\/de\/wp-json\/wp\/v2\/product\/11485"}],"collection":[{"href":"https:\/\/www.saldac.ch\/de\/wp-json\/wp\/v2\/product"}],"about":[{"href":"https:\/\/www.saldac.ch\/de\/wp-json\/wp\/v2\/types\/product"}],"wp:featuredmedia":[{"embeddable":true,"href":"https:\/\/www.saldac.ch\/de\/wp-json\/wp\/v2\/media\/10661"}],"wp:attachment":[{"href":"https:\/\/www.saldac.ch\/de\/wp-json\/wp\/v2\/media?parent=11485"}],"wp:term":[{"taxonomy":"product_cat","embeddable":true,"href":"https:\/\/www.saldac.ch\/de\/wp-json\/wp\/v2\/product_cat?post=11485"},{"taxonomy":"product_tag","embeddable":true,"href":"https:\/\/www.saldac.ch\/de\/wp-json\/wp\/v2\/product_tag?post=11485"}],"curies":[{"name":"wp","href":"https:\/\/api.w.org\/{rel}","templated":true}]}}