{"id":11491,"date":"2023-12-05T11:10:51","date_gmt":"2023-12-05T10:10:51","guid":{"rendered":"https:\/\/www.saldac.ch\/produit\/farine-de-maca-1kg-bio-equitable\/"},"modified":"2026-04-30T10:27:53","modified_gmt":"2026-04-30T08:27:53","slug":"farine-de-maca-1kg-bio-equitable","status":"publish","type":"product","link":"https:\/\/www.saldac.ch\/de\/produkt\/farine-de-maca-1kg-bio-equitable\/","title":{"rendered":"Maca-Mehl 1 kg, bio, fair gehandelt"},"content":{"rendered":"<p><strong>Maca von den Hochplateaus von Jun\u00edn in Zentralperu auf 4 200 m H\u00f6he<\/strong>.<\/p>\n<p>Wiederverschlie\u00dfbarer Beutel mit reinem Bio-Maca-Pulver. Zur Kur wird ein Teel\u00f6ffel Maca in ein Glas Fl\u00fcssigkeit (Fruchtsaft, Wasser \u2026) gegeben. Gut umr\u00fchren und in einem Zug trinken!!<\/p>\n<p>L\u00e4sst sich auch in Suppen, Joghurts oder \u00fcber Salat mischen, zum Andicken von So\u00dfen verwenden oder in Teigen f\u00fcr Brot, Pizza, Quiche, Cr\u00eapes oder Brioche einarbeiten \u2013 in moderaten Mengen (10\u201320 %) zusammen mit anderen Mehlen.<\/p>\n<p class=\"translation-block\"><strong>Zutaten<\/strong>: Maca-Pulver<\/p>\n<p><strong>N\u00e4hrwerteigenschaften <\/strong>(Durchschnittswerte pro 100 g)<\/p>\n<p>Kohlenhydrate: 76,1 g (davon Zucker 35,3 g) Fett: 1,5 g (davon ges\u00e4ttigte Fetts\u00e4uren 0,3 g) Eiwei\u00df: 13,8 g Salz: 0,03 g Brennwert: 373 kcal \/ 1 584 kJ<\/p>\n<p><strong>Unsere Maca-Lieferkette ist von Ecocert nach den Fair-For-Life-Standards (FFL) fair gehandelt zertifiziert.<\/strong><\/p>","protected":false},"excerpt":{"rendered":"<p><strong>Maca von den Hochplateaus von Jun\u00edn in Zentralperu auf 4 200 m H\u00f6he<\/strong>.<\/p>","protected":false},"featured_media":5283,"template":"","meta":{"inline_featured_image":false},"product_cat":[566],"product_tag":[108,50],"_links":{"self":[{"href":"https:\/\/www.saldac.ch\/de\/wp-json\/wp\/v2\/product\/11491"}],"collection":[{"href":"https:\/\/www.saldac.ch\/de\/wp-json\/wp\/v2\/product"}],"about":[{"href":"https:\/\/www.saldac.ch\/de\/wp-json\/wp\/v2\/types\/product"}],"wp:featuredmedia":[{"embeddable":true,"href":"https:\/\/www.saldac.ch\/de\/wp-json\/wp\/v2\/media\/5283"}],"wp:attachment":[{"href":"https:\/\/www.saldac.ch\/de\/wp-json\/wp\/v2\/media?parent=11491"}],"wp:term":[{"taxonomy":"product_cat","embeddable":true,"href":"https:\/\/www.saldac.ch\/de\/wp-json\/wp\/v2\/product_cat?post=11491"},{"taxonomy":"product_tag","embeddable":true,"href":"https:\/\/www.saldac.ch\/de\/wp-json\/wp\/v2\/product_tag?post=11491"}],"curies":[{"name":"wp","href":"https:\/\/api.w.org\/{rel}","templated":true}]}}