{"id":11493,"date":"2023-12-05T11:10:52","date_gmt":"2023-12-05T10:10:52","guid":{"rendered":"https:\/\/www.saldac.ch\/produit\/farine-de-maca-noire-250gr-bio-equitable\/"},"modified":"2026-05-06T09:17:47","modified_gmt":"2026-05-06T07:17:47","slug":"farine-de-maca-noire-250gr-bio-equitable","status":"publish","type":"product","link":"https:\/\/www.saldac.ch\/de\/produkt\/farine-de-maca-noire-250gr-bio-equitable\/","title":{"rendered":"Schwarzes Maca-Mehl 250 g, bio, fair gehandelt"},"content":{"rendered":"<h2>Schwarzes Bio-Maca-Pulver: Energie und Vitalit\u00e4t auf nat\u00fcrliche Weise<\/h2>\n<p class=\"translation-block\">Aus den Hochplateaus von Jun\u00edn in Peru stammend, ist das <strong>schwarze Bio-Maca-Pulver<\/strong> ein wahrer N\u00e4hrstoffschatz der Anden. In 4 200 Metern H\u00f6he angebaut, vereint diese uralte Wurzel eine au\u00dfergew\u00f6hnliche F\u00fclle an essenziellen N\u00e4hrstoffen, die Ihre t\u00e4gliche Vitalit\u00e4t auf nat\u00fcrliche Weise unterst\u00fctzen. Bekannt f\u00fcr ihre energiespendenden Eigenschaften, tr\u00e4gt die <strong>schwarze Maca<\/strong> wirksam zur Verbesserung des hormonellen Gleichgewichts bei. Unser Pulver, biologisch zertifiziert und aus fairem Handel, garantiert Ihnen Premium-Qualit\u00e4t, um Ihre Ern\u00e4hrung Tag f\u00fcr Tag k\u00f6stlich zu bereichern.<\/p>\n<h2>H\u00e4ufige Fragen zum Maca-Pulver<\/h2>\n<h3>Was ist schwarze Maca?<\/h3>\n<p class=\"translation-block\"><strong>Schwarze Maca<\/strong> ist eine Variet\u00e4t der Maca, die in gro\u00dfer H\u00f6he in den peruanischen Anden angebaut wird. Sie zeichnet sich durch ihre besonders n\u00e4hrstoffreiche Zusammensetzung und ihre verst\u00e4rkte tonisierende Wirkung auf den Organismus aus.<\/p>\n<h3>Wie konsumiert man schwarzes Maca-Pulver?<\/h3>\n<p class=\"translation-block\">Wir empfehlen, mit <strong>1 Teel\u00f6ffel pro Tag<\/strong> zu beginnen, einger\u00fchrt in ein Glas Saft, Wasser oder einen Smoothie. F\u00fcr eine optimale Wirkung trinken Sie es nach gr\u00fcndlichem Umr\u00fchren in einem Zug. Sie k\u00f6nnen es auch in Desserts oder Ihre Lieblingsgerichte einarbeiten, um ihnen eine n\u00e4hrstoffreiche Note zu verleihen.<\/p>\n<p><strong>N\u00e4hrwertangaben (durchschnittliche Werte pro 100 g)<\/strong><\/p>\n<ul>\n<li style=\"list-style-type: none;\">\n<ul>\n<li>Kohlenhydrate: 76,1 g (davon Zucker 35,3 g)<\/li>\n<li>Fett: 1,5 g (davon ges\u00e4ttigte Fetts\u00e4uren 0,3 g)<\/li>\n<li>Eiwei\u00df: 13,8 g<\/li>\n<li>Salz: 0,03 g<\/li>\n<li>Brennwert: 373 kcal \/ 1 584 kJ<\/li>\n<\/ul>\n<\/li>\n<\/ul>\n<p class=\"translation-block\">Unsere Maca-Lieferkette ist <strong>von Ecocert nach den Fair-For-Life-Standards (FFL) fair gehandelt zertifiziert<\/strong>.<\/p>","protected":false},"excerpt":{"rendered":"<p>Zur Kur wird ein Teel\u00f6ffel Maca in ein Glas Fl\u00fcssigkeit gegeben: Fruchtsaft, Wasser \u2026 Gut umr\u00fchren und in einem Zug trinken!!<\/p>","protected":false},"featured_media":14854,"template":"","meta":{"inline_featured_image":false},"product_cat":[566],"product_tag":[108,50],"_links":{"self":[{"href":"https:\/\/www.saldac.ch\/de\/wp-json\/wp\/v2\/product\/11493"}],"collection":[{"href":"https:\/\/www.saldac.ch\/de\/wp-json\/wp\/v2\/product"}],"about":[{"href":"https:\/\/www.saldac.ch\/de\/wp-json\/wp\/v2\/types\/product"}],"wp:featuredmedia":[{"embeddable":true,"href":"https:\/\/www.saldac.ch\/de\/wp-json\/wp\/v2\/media\/14854"}],"wp:attachment":[{"href":"https:\/\/www.saldac.ch\/de\/wp-json\/wp\/v2\/media?parent=11493"}],"wp:term":[{"taxonomy":"product_cat","embeddable":true,"href":"https:\/\/www.saldac.ch\/de\/wp-json\/wp\/v2\/product_cat?post=11493"},{"taxonomy":"product_tag","embeddable":true,"href":"https:\/\/www.saldac.ch\/de\/wp-json\/wp\/v2\/product_tag?post=11493"}],"curies":[{"name":"wp","href":"https:\/\/api.w.org\/{rel}","templated":true}]}}