{"id":11495,"date":"2023-12-05T11:10:52","date_gmt":"2023-12-05T10:10:52","guid":{"rendered":"https:\/\/www.saldac.ch\/produit\/flocons-damarante-500gr-bio-equitable\/"},"modified":"2026-05-04T16:36:28","modified_gmt":"2026-05-04T14:36:28","slug":"flocons-damarante-500gr-bio-equitable","status":"publish","type":"product","link":"https:\/\/www.saldac.ch\/de\/produkt\/flocons-damarante-500gr-bio-equitable\/","title":{"rendered":"Amaranthflocken, 500 g, bio, fair gehandelt"},"content":{"rendered":"<p class=\"translation-block\"><strong>Bio-Amaranthflocken,<\/strong> 500-g-Beutel. Ideal zum Backen (50 % Amaranth mit anderen Mehlen nach Wahl mischen) oder f\u00fcr Brot (maximal 60 %). F\u00fcr einen Schokoladenkuchen k\u00f6nnen auch 100 % Amaranthflocken verwendet werden. Zum Fr\u00fchst\u00fcck in tierischer oder pflanzlicher Milch 5 Minuten kochen.<\/p>\n<p class=\"translation-block\"><strong>Zutaten<\/strong>: Amaranthflocken<\/p>\n<p><strong>N\u00e4hrwerteigenschaften <\/strong>(Durchschnittswerte pro 100 g)<\/p>\n<p>Kohlenhydrate: 67,9 g (davon Zucker 1,6 g) Fett: 7,9 g (davon ges\u00e4ttigte Fetts\u00e4uren 1,6 g) Eiwei\u00df: 14 g Salz: 0,01 g Brennwert: 399 kcal \/ 1 665 kJ<\/p>\n<p><strong>Unser Amaranth-Sortiment ist durch das Fair-Trade-System SPP \u201eS\u00edmbolo de los Peque\u00f1os Productores\u201c zertifiziert \u2013 ein Label, das endlich den Produzenten selbst geh\u00f6rt: www.spp.coop<\/strong><\/p>","protected":false},"excerpt":{"rendered":"<p>dluo: 05.2026<\/p>\n<p>Ideal zum Backen (50 % Amaranth mit anderen Mehlen nach Wahl mischen) oder f\u00fcr Brot (maximal 60 %). F\u00fcr einen Schokoladenkuchen k\u00f6nnen auch 100 % Amaranthflocken verwendet werden.<\/p>","protected":false},"featured_media":5245,"template":"","meta":{"inline_featured_image":false},"product_cat":[95],"product_tag":[108,50],"_links":{"self":[{"href":"https:\/\/www.saldac.ch\/de\/wp-json\/wp\/v2\/product\/11495"}],"collection":[{"href":"https:\/\/www.saldac.ch\/de\/wp-json\/wp\/v2\/product"}],"about":[{"href":"https:\/\/www.saldac.ch\/de\/wp-json\/wp\/v2\/types\/product"}],"wp:featuredmedia":[{"embeddable":true,"href":"https:\/\/www.saldac.ch\/de\/wp-json\/wp\/v2\/media\/5245"}],"wp:attachment":[{"href":"https:\/\/www.saldac.ch\/de\/wp-json\/wp\/v2\/media?parent=11495"}],"wp:term":[{"taxonomy":"product_cat","embeddable":true,"href":"https:\/\/www.saldac.ch\/de\/wp-json\/wp\/v2\/product_cat?post=11495"},{"taxonomy":"product_tag","embeddable":true,"href":"https:\/\/www.saldac.ch\/de\/wp-json\/wp\/v2\/product_tag?post=11495"}],"curies":[{"name":"wp","href":"https:\/\/api.w.org\/{rel}","templated":true}]}}