{"id":11499,"date":"2023-12-05T11:10:59","date_gmt":"2023-12-05T10:10:59","guid":{"rendered":"https:\/\/www.saldac.ch\/produit\/lucuma-en-poudre-5kg-bio-equitable\/"},"modified":"2025-09-23T13:25:31","modified_gmt":"2025-09-23T11:25:31","slug":"lucuma-en-poudre-5kg-bio-equitable","status":"publish","type":"product","link":"https:\/\/www.saldac.ch\/de\/produkt\/lucuma-en-poudre-5kg-bio-equitable\/","title":{"rendered":"Lucuma-Pulver, 5 kg, bio, fair gehandelt"},"content":{"rendered":"<p>5-kg-Sack. Ausschlie\u00dflich auf Vorbestellung verf\u00fcgbar.<\/p>\n<p class=\"translation-block\"><strong>Roh getrocknetes Lucuma-Pulver im 250-g-Beutel.<\/strong> Hervorragend geeignet f\u00fcr Desserts: Milchshakes, Cheesecakes, Eiscreme, zum Einr\u00fchren in Kuchen, Milch, Joghurt oder M\u00fcsli. Wirkt als Emulgator, ist sehr aromatisch mit einzigartigem Geschmack und l\u00e4sst sich ideal mit Kakao oder Schokolade kombinieren. Reich an Eisen, Kalzium, Magnesium und Phosphor.<\/p>\n<p class=\"translation-block\"><strong>Zutaten<\/strong>: Lucuma-Pulver<\/p>\n<p><strong>N\u00e4hrwerteigenschaften <\/strong>(Durchschnittswerte pro 100 g)<\/p>\n<p>Kohlenhydrate: 61,9 g (davon Zucker 24,8 g) Fett: 1,2 g (davon ges\u00e4ttigte Fetts\u00e4uren 0,15 g) Eiwei\u00df: 9 g Salz: 0,05 g Brennwert: 358 kcal \/ 1 522 kJ Kalzium: 92 mg Phosphor: 188 mg Eisen: 4,6 g<\/p>\n<p>.<\/p>","protected":false},"excerpt":{"rendered":"<p>Nur auf Vorbestellung erh\u00e4ltlich. Lieferzeit nach Absprache.<\/p>","protected":false},"featured_media":0,"template":"","meta":{"inline_featured_image":false},"product_cat":[95],"product_tag":[108,50],"_links":{"self":[{"href":"https:\/\/www.saldac.ch\/de\/wp-json\/wp\/v2\/product\/11499"}],"collection":[{"href":"https:\/\/www.saldac.ch\/de\/wp-json\/wp\/v2\/product"}],"about":[{"href":"https:\/\/www.saldac.ch\/de\/wp-json\/wp\/v2\/types\/product"}],"wp:attachment":[{"href":"https:\/\/www.saldac.ch\/de\/wp-json\/wp\/v2\/media?parent=11499"}],"wp:term":[{"taxonomy":"product_cat","embeddable":true,"href":"https:\/\/www.saldac.ch\/de\/wp-json\/wp\/v2\/product_cat?post=11499"},{"taxonomy":"product_tag","embeddable":true,"href":"https:\/\/www.saldac.ch\/de\/wp-json\/wp\/v2\/product_tag?post=11499"}],"curies":[{"name":"wp","href":"https:\/\/api.w.org\/{rel}","templated":true}]}}