{"id":1150,"date":"2023-01-06T15:39:26","date_gmt":"2023-01-06T14:39:26","guid":{"rendered":"https:\/\/www.saldac.ch\/?post_type=product&#038;p=1150"},"modified":"2026-03-31T12:22:03","modified_gmt":"2026-03-31T10:22:03","slug":"chocolat-integrale-cru-pj-natura","status":"publish","type":"product","link":"https:\/\/www.saldac.ch\/de\/produkt\/chocolat-integrale-cru-pj-natura\/","title":{"rendered":"Vollwert-Rohschokolade, PJ Natura"},"content":{"rendered":"<p>Diese vollst\u00e4ndig biologischen Schokoladen sind f\u00fcr alle Kakaobestandteile mit dem Fairtrade-Label SPP zertifiziert.<\/p>\n<p><strong>Alle Schokoladen der Reihe Int\u00e9grale haben gemeinsam:<\/strong><\/p>\n<p>Handwerklich hergestellt von PJ Natura und von Hand in Formen gegossen.<\/p>\n<p>Die \u201eZucker\u201c sind in Wirklichkeit gefriergetrocknete Fr\u00fcchte (Datteln oder Feigen), also nicht erhitzt. Da sie nicht erhitzt sind, belasten sie die Insulinproduktion weniger und k\u00f6nnen von Diabetikern verzehrt werden \u2013 selbstverst\u00e4ndlich ohne Missbrauch und im Rahmen ihrer gewohnten Ern\u00e4hrung.<\/p>\n<p>Alle Fr\u00fcchte werden bei niedriger Temperatur getrocknet, und keiner enth\u00e4lt zugesetzten Zucker. Lediglich ihr nat\u00fcrlicher Zucker, erg\u00e4nzt bei einigen durch Bio-Apfelsaft.<\/p>\n<p>Keine Lecithin, weder Soja noch Sonnenblume. Keine Allergene.<\/p>\n<p>Tafeln zu 70 g.<\/p>\n<p>&nbsp;<\/p>","protected":false},"excerpt":{"rendered":"<p>Handwerklich hergestellt von PJ Natura und mit der Kelle geformt.<\/p>","protected":false},"featured_media":10946,"template":"","meta":{"inline_featured_image":false},"product_cat":[572],"product_tag":[108,107,60,102,61,114,50,55],"_links":{"self":[{"href":"https:\/\/www.saldac.ch\/de\/wp-json\/wp\/v2\/product\/1150"}],"collection":[{"href":"https:\/\/www.saldac.ch\/de\/wp-json\/wp\/v2\/product"}],"about":[{"href":"https:\/\/www.saldac.ch\/de\/wp-json\/wp\/v2\/types\/product"}],"wp:featuredmedia":[{"embeddable":true,"href":"https:\/\/www.saldac.ch\/de\/wp-json\/wp\/v2\/media\/10946"}],"wp:attachment":[{"href":"https:\/\/www.saldac.ch\/de\/wp-json\/wp\/v2\/media?parent=1150"}],"wp:term":[{"taxonomy":"product_cat","embeddable":true,"href":"https:\/\/www.saldac.ch\/de\/wp-json\/wp\/v2\/product_cat?post=1150"},{"taxonomy":"product_tag","embeddable":true,"href":"https:\/\/www.saldac.ch\/de\/wp-json\/wp\/v2\/product_tag?post=1150"}],"curies":[{"name":"wp","href":"https:\/\/api.w.org\/{rel}","templated":true}]}}