{"id":11502,"date":"2023-12-05T11:11:00","date_gmt":"2023-12-05T10:11:00","guid":{"rendered":"https:\/\/www.saldac.ch\/produit\/farine-de-banane-verte-500gr-bio-equitable\/"},"modified":"2026-02-23T17:29:52","modified_gmt":"2026-02-23T16:29:52","slug":"farine-de-banane-verte-500gr-bio-equitable","status":"publish","type":"product","link":"https:\/\/www.saldac.ch\/de\/produkt\/farine-de-banane-verte-500gr-bio-equitable\/","title":{"rendered":"Gr\u00fcnbananenmehl, 500 g, bio, fair gehandelt"},"content":{"rendered":"<div class=\"woocommerce-product-details__short-description\">\n<p class=\"translation-block\"><strong>Biologisches Gr\u00fcnbananenmehl<\/strong>, im 500-g-Beutel. Ideal f\u00fcr Cr\u00eapes (pur oder mit anderen Mehlen nach Wahl), Geb\u00e4ck, Brot (maximal 60 %) oder f\u00fcr Milchshakes.<\/p>\n<p class=\"translation-block\"><strong>Zutaten<\/strong>: Gr\u00fcnbananenmehl<\/p>\n<p><strong>Glutenfreies Produkt<\/strong><\/p>\n<p><strong>N\u00e4hrwerteigenschaften <\/strong>(Durchschnittswerte pro 100 g)<\/p>\n<p>Kohlenhydrate: 79,4 g (davon Zucker 1,79 g) Fett: &lt;0,04 g (davon ges\u00e4ttigte Fetts\u00e4uren &lt;0,01 g) Eiwei\u00df: 4 g Salz: 0,01 g Brennwert: 318 kcal \/ 1 351 kJ<\/p>\n<p><strong>Unser Bananenmehl ist durch das Fair-Trade-System SPP \u201eS\u00edmbolo de los Peque\u00f1os Productores\u201c zertifiziert \u2013 ein Label, das endlich den Produzenten selbst geh\u00f6rt: www.spp.coop<\/strong><\/p>\n<p><strong>Es wird von CAES Piura hergestellt, die uns auch den Vollrohrzucker (Panela) liefern.<\/strong><\/p>\n<\/div>","protected":false},"excerpt":{"rendered":"<p>Ideal f\u00fcr Cr\u00eapes (pur oder mit anderen Mehlen nach Wahl), Geb\u00e4ck, Brot (maximal 60 %) oder f\u00fcr Milchshakes.<\/p>","protected":false},"featured_media":5328,"template":"","meta":{"inline_featured_image":false},"product_cat":[95],"product_tag":[108,50],"_links":{"self":[{"href":"https:\/\/www.saldac.ch\/de\/wp-json\/wp\/v2\/product\/11502"}],"collection":[{"href":"https:\/\/www.saldac.ch\/de\/wp-json\/wp\/v2\/product"}],"about":[{"href":"https:\/\/www.saldac.ch\/de\/wp-json\/wp\/v2\/types\/product"}],"wp:featuredmedia":[{"embeddable":true,"href":"https:\/\/www.saldac.ch\/de\/wp-json\/wp\/v2\/media\/5328"}],"wp:attachment":[{"href":"https:\/\/www.saldac.ch\/de\/wp-json\/wp\/v2\/media?parent=11502"}],"wp:term":[{"taxonomy":"product_cat","embeddable":true,"href":"https:\/\/www.saldac.ch\/de\/wp-json\/wp\/v2\/product_cat?post=11502"},{"taxonomy":"product_tag","embeddable":true,"href":"https:\/\/www.saldac.ch\/de\/wp-json\/wp\/v2\/product_tag?post=11502"}],"curies":[{"name":"wp","href":"https:\/\/api.w.org\/{rel}","templated":true}]}}