{"id":11504,"date":"2023-12-05T11:11:00","date_gmt":"2023-12-05T10:11:00","guid":{"rendered":"https:\/\/www.saldac.ch\/produit\/quinoa-soufflee-100gr-bio-equitable\/"},"modified":"2026-03-24T14:20:26","modified_gmt":"2026-03-24T13:20:26","slug":"quinoa-soufflee-100gr-bio-equitable","status":"publish","type":"product","link":"https:\/\/www.saldac.ch\/de\/produkt\/quinoa-soufflee-100gr-bio-equitable\/","title":{"rendered":"Gepuffter Quinoa, 100 g, bio, fair gehandelt"},"content":{"rendered":"<p class=\"translation-block\"><strong>Gepuffter Bio-Quinoa<\/strong>, 100-g-Beutel. <strong>Ideal zum Fr\u00fchst\u00fcck<\/strong>, zum Mischen mit M\u00fcsli oder Kakaogetr\u00e4nken, in Joghurts, Obstsalaten, Schokoladen- oder Fruchtmousse oder als Dekoration auf Geb\u00e4ck.<\/p>\n<p class=\"translation-block\"><strong>Zutaten<\/strong>: gepuffter Quinoa<\/p>\n<p><strong>N\u00e4hrwerteigenschaften <\/strong>(Durchschnittswerte pro 100 g)<\/p>\n<p>Kohlenhydrate: 67,9 g (davon Zucker 1,6 g) Fett: 7,9 g (davon ges\u00e4ttigte Fetts\u00e4uren 1,62 g) Eiwei\u00df: 14 g Salz: 0,01 g Brennwert: 399 kcal \/ 1 685 kJ<\/p>\n<p><strong>Unser Quinoa-Sortiment ist durch das Fair-Trade-System SPP \u201eS\u00edmbolo de los Peque\u00f1os Productores\u201c zertifiziert \u2013 ein Label, das endlich den Produzenten selbst geh\u00f6rt: www.spp.coop<\/strong><\/p>","protected":false},"excerpt":{"rendered":"<p><strong>Ideal zum Fr\u00fchst\u00fcck<\/strong><\/p>","protected":false},"featured_media":10585,"template":"","meta":{"inline_featured_image":false},"product_cat":[95],"product_tag":[108,50],"_links":{"self":[{"href":"https:\/\/www.saldac.ch\/de\/wp-json\/wp\/v2\/product\/11504"}],"collection":[{"href":"https:\/\/www.saldac.ch\/de\/wp-json\/wp\/v2\/product"}],"about":[{"href":"https:\/\/www.saldac.ch\/de\/wp-json\/wp\/v2\/types\/product"}],"wp:featuredmedia":[{"embeddable":true,"href":"https:\/\/www.saldac.ch\/de\/wp-json\/wp\/v2\/media\/10585"}],"wp:attachment":[{"href":"https:\/\/www.saldac.ch\/de\/wp-json\/wp\/v2\/media?parent=11504"}],"wp:term":[{"taxonomy":"product_cat","embeddable":true,"href":"https:\/\/www.saldac.ch\/de\/wp-json\/wp\/v2\/product_cat?post=11504"},{"taxonomy":"product_tag","embeddable":true,"href":"https:\/\/www.saldac.ch\/de\/wp-json\/wp\/v2\/product_tag?post=11504"}],"curies":[{"name":"wp","href":"https:\/\/api.w.org\/{rel}","templated":true}]}}