{"id":11513,"date":"2023-12-05T12:13:07","date_gmt":"2023-12-05T11:13:07","guid":{"rendered":"https:\/\/www.saldac.ch\/produit\/figues-sechees-de-la-variete-smyrna-200gr-bio\/"},"modified":"2024-12-28T11:41:39","modified_gmt":"2024-12-28T10:41:39","slug":"figues-sechees-de-la-variete-smyrna-200gr-bio","status":"publish","type":"product","link":"https:\/\/www.saldac.ch\/de\/produkt\/figues-sechees-de-la-variete-smyrna-200gr-bio\/","title":{"rendered":"Getrocknete Feigen der Sorte Smyrna, 200 g, bio"},"content":{"rendered":"<p>Getrocknete Feigen der Sorte Smyrna von der Insel Evia.<\/p>\n<p>Thomas Xyderos baut rund 300 Feigenb\u00e4ume der Sorte Smyrna in der Gemeinde Orei auf der Insel Eub\u00f6a (Evia) an.<\/p>\n<p>W\u00e4hrend der Erntezeit werden Netze unter die B\u00e4ume gespannt, damit die Fr\u00fcchte nicht auf den Boden fallen und besch\u00e4digt werden. So werden in regelm\u00e4\u00dfigen Abst\u00e4nden die voll ausgereiften Fr\u00fcchte eingesammelt. Anschlie\u00dfend erfolgt die Trocknung in der Sonne und danach die Verpackung \u2013 alles direkt auf dem Hof durchgef\u00fchrt.<\/p>","protected":false},"excerpt":{"rendered":"<p>Getrocknete Feigen der Sorte Smyrna von der Insel Evia.<\/p>\n<p>Thomas Xyderos baut rund 300 Feigenb\u00e4ume der Sorte Smyrna in der Gemeinde Orei auf der Insel Eub\u00f6a (Evia) an.<\/p>","protected":false},"featured_media":10721,"template":"","meta":{"inline_featured_image":false},"product_cat":[97],"product_tag":[107,110],"_links":{"self":[{"href":"https:\/\/www.saldac.ch\/de\/wp-json\/wp\/v2\/product\/11513"}],"collection":[{"href":"https:\/\/www.saldac.ch\/de\/wp-json\/wp\/v2\/product"}],"about":[{"href":"https:\/\/www.saldac.ch\/de\/wp-json\/wp\/v2\/types\/product"}],"wp:featuredmedia":[{"embeddable":true,"href":"https:\/\/www.saldac.ch\/de\/wp-json\/wp\/v2\/media\/10721"}],"wp:attachment":[{"href":"https:\/\/www.saldac.ch\/de\/wp-json\/wp\/v2\/media?parent=11513"}],"wp:term":[{"taxonomy":"product_cat","embeddable":true,"href":"https:\/\/www.saldac.ch\/de\/wp-json\/wp\/v2\/product_cat?post=11513"},{"taxonomy":"product_tag","embeddable":true,"href":"https:\/\/www.saldac.ch\/de\/wp-json\/wp\/v2\/product_tag?post=11513"}],"curies":[{"name":"wp","href":"https:\/\/api.w.org\/{rel}","templated":true}]}}