{"id":11518,"date":"2023-12-05T12:13:08","date_gmt":"2023-12-05T11:13:08","guid":{"rendered":"https:\/\/www.saldac.ch\/produit\/amandes-toastees-sans-sel-5kg-bio\/"},"modified":"2026-03-24T15:14:25","modified_gmt":"2026-03-24T14:14:25","slug":"amandes-toastees-sans-sel-5kg-bio","status":"publish","type":"product","link":"https:\/\/www.saldac.ch\/de\/produkt\/amandes-toastees-sans-sel-5kg-bio\/","title":{"rendered":"Ger\u00f6stete Mandeln, ungesalzen, bio, 5 kg"},"content":{"rendered":"<p>Mandeln aus Spanien, bio. Ger\u00f6stet mit d\u00fcnner Haut. Im 5-kg-Sack.<\/p>\n<p>&nbsp;<\/p>","protected":false},"excerpt":{"rendered":"<p>Mandeln aus Spanien, bio. Ger\u00f6stet mit d\u00fcnner Haut. Im 5-kg-Sack.<\/p>\n<p>&nbsp;<\/p>","protected":false},"featured_media":11554,"template":"","meta":{"inline_featured_image":false},"product_cat":[97],"product_tag":[107,110,98],"_links":{"self":[{"href":"https:\/\/www.saldac.ch\/de\/wp-json\/wp\/v2\/product\/11518"}],"collection":[{"href":"https:\/\/www.saldac.ch\/de\/wp-json\/wp\/v2\/product"}],"about":[{"href":"https:\/\/www.saldac.ch\/de\/wp-json\/wp\/v2\/types\/product"}],"wp:featuredmedia":[{"embeddable":true,"href":"https:\/\/www.saldac.ch\/de\/wp-json\/wp\/v2\/media\/11554"}],"wp:attachment":[{"href":"https:\/\/www.saldac.ch\/de\/wp-json\/wp\/v2\/media?parent=11518"}],"wp:term":[{"taxonomy":"product_cat","embeddable":true,"href":"https:\/\/www.saldac.ch\/de\/wp-json\/wp\/v2\/product_cat?post=11518"},{"taxonomy":"product_tag","embeddable":true,"href":"https:\/\/www.saldac.ch\/de\/wp-json\/wp\/v2\/product_tag?post=11518"}],"curies":[{"name":"wp","href":"https:\/\/api.w.org\/{rel}","templated":true}]}}