{"id":11520,"date":"2023-12-05T12:13:08","date_gmt":"2023-12-05T11:13:08","guid":{"rendered":"https:\/\/www.saldac.ch\/produit\/noisettes-tonda-gentile-romana-calibre-13-15-5kg-bio\/"},"modified":"2026-04-01T15:05:22","modified_gmt":"2026-04-01T13:05:22","slug":"noisettes-tonda-gentile-romana-calibre-13-15-5kg-bio","status":"publish","type":"product","link":"https:\/\/www.saldac.ch\/de\/produkt\/noisettes-tonda-gentile-romana-calibre-13-15-5kg-bio\/","title":{"rendered":"Getrocknete Haseln\u00fcsse, bio, 5 kg"},"content":{"rendered":"<p>Haseln\u00fcsse aus Italien, bio, Gr\u00f6\u00dfe 13\u201315. Im 5-kg-Sack.<\/p>\n<p>Von der Sorte \u201eTonda gentile Romana\u201c, ausgew\u00e4hlt f\u00fcr ihre au\u00dfergew\u00f6hnlichen Geschmackseigenschaften. Sie wird auf leicht erh\u00f6htem Terrain (zwischen 200 und 500 Metern) angebaut, das sich perfekt eignet.<\/p>\n<p>Das Anbaugebiet liegt n\u00f6rdlich von Rom, am Fu\u00dfe des Monte Cimini.<\/p>","protected":false},"excerpt":{"rendered":"<p>Haseln\u00fcsse aus Italien, bio, Gr\u00f6\u00dfe 13\u201315. Im 5-kg-Sack.<\/p>\n<p>Von der Sorte \u201eTonda gentile Romana\u201c, ausgew\u00e4hlt f\u00fcr ihre au\u00dfergew\u00f6hnlichen Geschmackseigenschaften. Sie wird auf leicht erh\u00f6htem Terrain (zwischen 200 und 500 Metern) angebaut, das sich perfekt eignet.<\/p>\n<p>Das Anbaugebiet liegt n\u00f6rdlich von Rom, am Fu\u00dfe des Monte Cimini.<\/p>","protected":false},"featured_media":11558,"template":"","meta":{"inline_featured_image":false},"product_cat":[97],"product_tag":[107,110,98],"_links":{"self":[{"href":"https:\/\/www.saldac.ch\/de\/wp-json\/wp\/v2\/product\/11520"}],"collection":[{"href":"https:\/\/www.saldac.ch\/de\/wp-json\/wp\/v2\/product"}],"about":[{"href":"https:\/\/www.saldac.ch\/de\/wp-json\/wp\/v2\/types\/product"}],"wp:featuredmedia":[{"embeddable":true,"href":"https:\/\/www.saldac.ch\/de\/wp-json\/wp\/v2\/media\/11558"}],"wp:attachment":[{"href":"https:\/\/www.saldac.ch\/de\/wp-json\/wp\/v2\/media?parent=11520"}],"wp:term":[{"taxonomy":"product_cat","embeddable":true,"href":"https:\/\/www.saldac.ch\/de\/wp-json\/wp\/v2\/product_cat?post=11520"},{"taxonomy":"product_tag","embeddable":true,"href":"https:\/\/www.saldac.ch\/de\/wp-json\/wp\/v2\/product_tag?post=11520"}],"curies":[{"name":"wp","href":"https:\/\/api.w.org\/{rel}","templated":true}]}}