{"id":11523,"date":"2023-12-05T12:13:09","date_gmt":"2023-12-05T11:13:09","guid":{"rendered":"https:\/\/www.saldac.ch\/produit\/pistaches-decortiquees-sechees-nature-5kg-bio\/"},"modified":"2026-03-24T15:13:19","modified_gmt":"2026-03-24T14:13:19","slug":"pistaches-decortiquees-sechees-nature-5kg-bio","status":"publish","type":"product","link":"https:\/\/www.saldac.ch\/de\/produkt\/pistaches-decortiquees-sechees-nature-5kg-bio\/","title":{"rendered":"Gesch\u00e4lte Pistazien, getrocknet, natur, bio, 5 kg"},"content":{"rendered":"<p>Bio-Pistazien aus Spanien, Sorte Kerman. Gr\u00f6\u00dfe 20\u201322. Getrocknet, naturbelassen und ohne Schale.<\/p>","protected":false},"excerpt":{"rendered":"<p>Bio-Pistazien aus Spanien, Sorte Kerman. Gr\u00f6\u00dfe 20\u201322. Getrocknet, naturbelassen und ohne Schale.<\/p>","protected":false},"featured_media":11602,"template":"","meta":{"inline_featured_image":false},"product_cat":[97],"product_tag":[107,110,98],"_links":{"self":[{"href":"https:\/\/www.saldac.ch\/de\/wp-json\/wp\/v2\/product\/11523"}],"collection":[{"href":"https:\/\/www.saldac.ch\/de\/wp-json\/wp\/v2\/product"}],"about":[{"href":"https:\/\/www.saldac.ch\/de\/wp-json\/wp\/v2\/types\/product"}],"wp:featuredmedia":[{"embeddable":true,"href":"https:\/\/www.saldac.ch\/de\/wp-json\/wp\/v2\/media\/11602"}],"wp:attachment":[{"href":"https:\/\/www.saldac.ch\/de\/wp-json\/wp\/v2\/media?parent=11523"}],"wp:term":[{"taxonomy":"product_cat","embeddable":true,"href":"https:\/\/www.saldac.ch\/de\/wp-json\/wp\/v2\/product_cat?post=11523"},{"taxonomy":"product_tag","embeddable":true,"href":"https:\/\/www.saldac.ch\/de\/wp-json\/wp\/v2\/product_tag?post=11523"}],"curies":[{"name":"wp","href":"https:\/\/api.w.org\/{rel}","templated":true}]}}